{"id":4048977,"date":"2026-04-30T02:28:40","date_gmt":"2026-04-30T00:28:40","guid":{"rendered":"https:\/\/streetmarkets.fr\/app\/produit\/sac-banane-rosie-261-w-nuage\/"},"modified":"2026-05-03T02:30:37","modified_gmt":"2026-05-03T00:30:37","slug":"sac-banane-rosie-261-w-nuage","status":"publish","type":"product","link":"https:\/\/streetmarkets.fr\/app\/produit\/sac-banane-rosie-261-w-nuage\/","title":{"rendered":"Sac banane Rosie (261 \/ W \/ NUAGE)"},"content":{"rendered":"<p>Sac \u00e0 bandouli\u00e8re en forme de demi-lune en cuir blanc cass\u00e9 brillant.<\/p>\n<ul>\n<li>Sac \u00e0 bandouli\u00e8re<\/li>\n<li>Fermeture zipp\u00e9e \u00e0 l&#8217;avant<\/li>\n<li>Sangle r\u00e9glable en coton<\/li>\n<li>Poche int\u00e9rieure en coton<\/li>\n<li>Attaches en m\u00e9tal argent\u00e9<\/li>\n<li>Anneaux en O clipsables (pour changer de sangle)<\/li>\n<li>Dimensions : 25 x 16 x 9 cm<\/li>\n<li>Longueur totale de la sangle : 115 cm<\/li>\n<\/ul>\n","protected":false},"excerpt":{"rendered":"<p>Sac \u00e0 bandouli\u00e8re en forme de demi-lune en cuir blanc cass\u00e9 brillant. Sac \u00e0 bandouli\u00e8re Fermeture zipp\u00e9e \u00e0 l&#8217;avant Sangle r\u00e9glable en coton Poche int\u00e9rieure en coton Attaches en m\u00e9tal argent\u00e9 Anneaux en O clipsables (pour changer de sangle) Dimensions : 25 x 16 x 9 cm Longueur totale de la sangle : 115 cm<\/p>\n","protected":false},"featured_media":4069590,"comment_status":"open","ping_status":"closed","template":"","meta":[],"product_brand":[2529],"product_cat":[],"product_tag":[],"acf":[],"_links":{"self":[{"href":"https:\/\/streetmarkets.fr\/app\/wp-json\/wp\/v2\/product\/4048977"}],"collection":[{"href":"https:\/\/streetmarkets.fr\/app\/wp-json\/wp\/v2\/product"}],"about":[{"href":"https:\/\/streetmarkets.fr\/app\/wp-json\/wp\/v2\/types\/product"}],"replies":[{"embeddable":true,"href":"https:\/\/streetmarkets.fr\/app\/wp-json\/wp\/v2\/comments?post=4048977"}],"wp:featuredmedia":[{"embeddable":true,"href":"https:\/\/streetmarkets.fr\/app\/wp-json\/wp\/v2\/media\/4069590"}],"wp:attachment":[{"href":"https:\/\/streetmarkets.fr\/app\/wp-json\/wp\/v2\/media?parent=4048977"}],"wp:term":[{"taxonomy":"product_brand","embeddable":true,"href":"https:\/\/streetmarkets.fr\/app\/wp-json\/wp\/v2\/product_brand?post=4048977"},{"taxonomy":"product_cat","embeddable":true,"href":"https:\/\/streetmarkets.fr\/app\/wp-json\/wp\/v2\/product_cat?post=4048977"},{"taxonomy":"product_tag","embeddable":true,"href":"https:\/\/streetmarkets.fr\/app\/wp-json\/wp\/v2\/product_tag?post=4048977"}],"curies":[{"name":"wp","href":"https:\/\/api.w.org\/{rel}","templated":true}]}}