{"id":4048965,"date":"2026-04-30T02:28:39","date_gmt":"2026-04-30T00:28:39","guid":{"rendered":"https:\/\/streetmarkets.fr\/app\/produit\/blouse-a-carreaux-cherry-261-w-check-b\/"},"modified":"2026-05-11T02:40:42","modified_gmt":"2026-05-11T00:40:42","slug":"blouse-a-carreaux-cherry-261-w-check-b","status":"publish","type":"product","link":"https:\/\/streetmarkets.fr\/app\/produit\/blouse-a-carreaux-cherry-261-w-check-b\/","title":{"rendered":"Blouse \u00e0 carreaux Cherry (261 \/ W \/ CHECK B)"},"content":{"rendered":"<p>Blouse d\u00e9contract\u00e9e bleu clair \u00e0 carreaux noirs, avec \u00e9paules fronc\u00e9es et manches longues bouffantes \u00e0 poignets \u00e9lastiqu\u00e9s.<\/p>\n<ul>\n<li>Coupe d\u00e9contract\u00e9e et carr\u00e9e<\/li>\n<li>Col mao<\/li>\n<li>Boutonnage sur le devant<\/li>\n<li>Manches longues bouffantes<\/li>\n<li>Poignets \u00e9lastiqu\u00e9s<\/li>\n<li>\u00c9paules fronc\u00e9es<\/li>\n<li>Bleu clair \u00e0 carreaux noirs<\/li>\n<li>Coton l\u00e9ger<\/li>\n<\/ul>\n","protected":false},"excerpt":{"rendered":"<p>Blouse d\u00e9contract\u00e9e bleu clair \u00e0 carreaux noirs, avec \u00e9paules fronc\u00e9es et manches longues bouffantes \u00e0 poignets \u00e9lastiqu\u00e9s. Coupe d\u00e9contract\u00e9e et carr\u00e9e Col mao Boutonnage sur le devant Manches longues bouffantes Poignets \u00e9lastiqu\u00e9s \u00c9paules fronc\u00e9es Bleu clair \u00e0 carreaux noirs Coton l\u00e9ger<\/p>\n","protected":false},"featured_media":4115611,"comment_status":"open","ping_status":"closed","template":"","meta":[],"product_brand":[2529],"product_cat":[],"product_tag":[],"acf":[],"_links":{"self":[{"href":"https:\/\/streetmarkets.fr\/app\/wp-json\/wp\/v2\/product\/4048965"}],"collection":[{"href":"https:\/\/streetmarkets.fr\/app\/wp-json\/wp\/v2\/product"}],"about":[{"href":"https:\/\/streetmarkets.fr\/app\/wp-json\/wp\/v2\/types\/product"}],"replies":[{"embeddable":true,"href":"https:\/\/streetmarkets.fr\/app\/wp-json\/wp\/v2\/comments?post=4048965"}],"wp:featuredmedia":[{"embeddable":true,"href":"https:\/\/streetmarkets.fr\/app\/wp-json\/wp\/v2\/media\/4115611"}],"wp:attachment":[{"href":"https:\/\/streetmarkets.fr\/app\/wp-json\/wp\/v2\/media?parent=4048965"}],"wp:term":[{"taxonomy":"product_brand","embeddable":true,"href":"https:\/\/streetmarkets.fr\/app\/wp-json\/wp\/v2\/product_brand?post=4048965"},{"taxonomy":"product_cat","embeddable":true,"href":"https:\/\/streetmarkets.fr\/app\/wp-json\/wp\/v2\/product_cat?post=4048965"},{"taxonomy":"product_tag","embeddable":true,"href":"https:\/\/streetmarkets.fr\/app\/wp-json\/wp\/v2\/product_tag?post=4048965"}],"curies":[{"name":"wp","href":"https:\/\/api.w.org\/{rel}","templated":true}]}}