{"id":4048943,"date":"2026-04-30T02:28:38","date_gmt":"2026-04-30T00:28:38","guid":{"rendered":"https:\/\/streetmarkets.fr\/app\/produit\/sac-souple-sobox-261-w-worker\/"},"modified":"2026-05-07T02:30:25","modified_gmt":"2026-05-07T00:30:25","slug":"sac-souple-sobox-261-w-worker","status":"publish","type":"product","link":"https:\/\/streetmarkets.fr\/app\/produit\/sac-souple-sobox-261-w-worker\/","title":{"rendered":"Sac souple Sobox (261 \/ W \/ WORKER)"},"content":{"rendered":"<p>Sac souple en cuir lamin\u00e9 imprim\u00e9 serpent bleu marine avec fermeture zipp\u00e9e et poche lat\u00e9rale.<\/p>\n<ul>\n<li>Forme carr\u00e9e<\/li>\n<li>Cuir lamin\u00e9 imprim\u00e9 serpent bleu marine<\/li>\n<li>Fermeture zipp\u00e9e sur le dessus<\/li>\n<li>Poche lat\u00e9rale et poche int\u00e9rieure <\/li>\n<li>\u00c9tiquette Bellerose sur le c\u00f4t\u00e9<\/li>\n<li>Sangle en coton r\u00e9glable et amovible, longueur maximale : 120 cm<\/li>\n<li>Dimensions : 22 x 15,5 x 10 cm<\/li>\n<\/ul>\n","protected":false},"excerpt":{"rendered":"<p>Sac souple en cuir lamin\u00e9 imprim\u00e9 serpent bleu marine avec fermeture zipp\u00e9e et poche lat\u00e9rale. Forme carr\u00e9e Cuir lamin\u00e9 imprim\u00e9 serpent bleu marine Fermeture zipp\u00e9e sur le dessus Poche lat\u00e9rale et poche int\u00e9rieure \u00c9tiquette Bellerose sur le c\u00f4t\u00e9 Sangle en coton r\u00e9glable et amovible, longueur maximale : 120 cm Dimensions : 22 x 15,5 x [&hellip;]<\/p>\n","protected":false},"featured_media":4093406,"comment_status":"open","ping_status":"closed","template":"","meta":[],"product_brand":[2529],"product_cat":[],"product_tag":[],"acf":[],"_links":{"self":[{"href":"https:\/\/streetmarkets.fr\/app\/wp-json\/wp\/v2\/product\/4048943"}],"collection":[{"href":"https:\/\/streetmarkets.fr\/app\/wp-json\/wp\/v2\/product"}],"about":[{"href":"https:\/\/streetmarkets.fr\/app\/wp-json\/wp\/v2\/types\/product"}],"replies":[{"embeddable":true,"href":"https:\/\/streetmarkets.fr\/app\/wp-json\/wp\/v2\/comments?post=4048943"}],"wp:featuredmedia":[{"embeddable":true,"href":"https:\/\/streetmarkets.fr\/app\/wp-json\/wp\/v2\/media\/4093406"}],"wp:attachment":[{"href":"https:\/\/streetmarkets.fr\/app\/wp-json\/wp\/v2\/media?parent=4048943"}],"wp:term":[{"taxonomy":"product_brand","embeddable":true,"href":"https:\/\/streetmarkets.fr\/app\/wp-json\/wp\/v2\/product_brand?post=4048943"},{"taxonomy":"product_cat","embeddable":true,"href":"https:\/\/streetmarkets.fr\/app\/wp-json\/wp\/v2\/product_cat?post=4048943"},{"taxonomy":"product_tag","embeddable":true,"href":"https:\/\/streetmarkets.fr\/app\/wp-json\/wp\/v2\/product_tag?post=4048943"}],"curies":[{"name":"wp","href":"https:\/\/api.w.org\/{rel}","templated":true}]}}