{"id":4048878,"date":"2026-04-30T02:28:33","date_gmt":"2026-04-30T00:28:33","guid":{"rendered":"https:\/\/streetmarkets.fr\/app\/produit\/bracelet-piccolo-otto-261-w-pearl\/"},"modified":"2026-05-11T02:40:42","modified_gmt":"2026-05-11T00:40:42","slug":"bracelet-piccolo-otto-261-w-pearl","status":"publish","type":"product","link":"https:\/\/streetmarkets.fr\/app\/produit\/bracelet-piccolo-otto-261-w-pearl\/","title":{"rendered":"Bracelet Piccolo Otto (261 \/ W \/ PEARL)"},"content":{"rendered":"<p>Le bracelet Labro Piccolo est compos\u00e9 d&#8217;un rang de perles d&#8217;eau douce de tailles vari\u00e9es et d&#8217;un fermoir en gold-filled 14 carats.<\/p>\n<ul>\n<li>Diam\u00e8tre des perles\u00a0: 3 &#8211; 6 mm<\/li>\n<li>Longueur\u00a0: 17 &#8211; 19 cm<\/li>\n<li>La longueur peut varier de +\/- 1 cm<\/li>\n<li>Style\u00a0: Piccolo Otto<\/li>\n<li>Couleur\u00a0: Perle<\/li>\n<\/ul>\n","protected":false},"excerpt":{"rendered":"<p>Le bracelet Labro Piccolo est compos\u00e9 d&#8217;un rang de perles d&#8217;eau douce de tailles vari\u00e9es et d&#8217;un fermoir en gold-filled 14 carats. Diam\u00e8tre des perles\u00a0: 3 &#8211; 6 mm Longueur\u00a0: 17 &#8211; 19 cm La longueur peut varier de +\/- 1 cm Style\u00a0: Piccolo Otto Couleur\u00a0: Perle<\/p>\n","protected":false},"featured_media":4115551,"comment_status":"open","ping_status":"closed","template":"","meta":[],"product_brand":[],"product_cat":[],"product_tag":[],"acf":[],"_links":{"self":[{"href":"https:\/\/streetmarkets.fr\/app\/wp-json\/wp\/v2\/product\/4048878"}],"collection":[{"href":"https:\/\/streetmarkets.fr\/app\/wp-json\/wp\/v2\/product"}],"about":[{"href":"https:\/\/streetmarkets.fr\/app\/wp-json\/wp\/v2\/types\/product"}],"replies":[{"embeddable":true,"href":"https:\/\/streetmarkets.fr\/app\/wp-json\/wp\/v2\/comments?post=4048878"}],"wp:featuredmedia":[{"embeddable":true,"href":"https:\/\/streetmarkets.fr\/app\/wp-json\/wp\/v2\/media\/4115551"}],"wp:attachment":[{"href":"https:\/\/streetmarkets.fr\/app\/wp-json\/wp\/v2\/media?parent=4048878"}],"wp:term":[{"taxonomy":"product_brand","embeddable":true,"href":"https:\/\/streetmarkets.fr\/app\/wp-json\/wp\/v2\/product_brand?post=4048878"},{"taxonomy":"product_cat","embeddable":true,"href":"https:\/\/streetmarkets.fr\/app\/wp-json\/wp\/v2\/product_cat?post=4048878"},{"taxonomy":"product_tag","embeddable":true,"href":"https:\/\/streetmarkets.fr\/app\/wp-json\/wp\/v2\/product_tag?post=4048878"}],"curies":[{"name":"wp","href":"https:\/\/api.w.org\/{rel}","templated":true}]}}