{"id":4048854,"date":"2026-04-30T02:28:32","date_gmt":"2026-04-30T00:28:32","guid":{"rendered":"https:\/\/streetmarkets.fr\/app\/produit\/collier-hamsa-261-w-pink\/"},"modified":"2026-05-03T02:30:37","modified_gmt":"2026-05-03T00:30:37","slug":"collier-hamsa-261-w-pink","status":"publish","type":"product","link":"https:\/\/streetmarkets.fr\/app\/produit\/collier-hamsa-261-w-pink\/","title":{"rendered":"Collier Hamsa (261 \/ W \/ PINK)"},"content":{"rendered":"<p>Le collier Hamsa de Jewel Rocks est dot\u00e9 d&#8217;un pendentif en argent plaqu\u00e9 or 18 carats sur un cordon en coton tress\u00e9 de longueur r\u00e9glable.<\/p>\n<ul>\n<li>Longueur r\u00e9glable\u00a0: 60 cm<\/li>\n<li>Style\u00a0: Hamsa<\/li>\n<li>Couleur\u00a0: Rose<\/li>\n<\/ul>\n","protected":false},"excerpt":{"rendered":"<p>Le collier Hamsa de Jewel Rocks est dot\u00e9 d&#8217;un pendentif en argent plaqu\u00e9 or 18 carats sur un cordon en coton tress\u00e9 de longueur r\u00e9glable. Longueur r\u00e9glable\u00a0: 60 cm Style\u00a0: Hamsa Couleur\u00a0: Rose<\/p>\n","protected":false},"featured_media":4069508,"comment_status":"open","ping_status":"closed","template":"","meta":[],"product_brand":[],"product_cat":[],"product_tag":[],"acf":[],"_links":{"self":[{"href":"https:\/\/streetmarkets.fr\/app\/wp-json\/wp\/v2\/product\/4048854"}],"collection":[{"href":"https:\/\/streetmarkets.fr\/app\/wp-json\/wp\/v2\/product"}],"about":[{"href":"https:\/\/streetmarkets.fr\/app\/wp-json\/wp\/v2\/types\/product"}],"replies":[{"embeddable":true,"href":"https:\/\/streetmarkets.fr\/app\/wp-json\/wp\/v2\/comments?post=4048854"}],"wp:featuredmedia":[{"embeddable":true,"href":"https:\/\/streetmarkets.fr\/app\/wp-json\/wp\/v2\/media\/4069508"}],"wp:attachment":[{"href":"https:\/\/streetmarkets.fr\/app\/wp-json\/wp\/v2\/media?parent=4048854"}],"wp:term":[{"taxonomy":"product_brand","embeddable":true,"href":"https:\/\/streetmarkets.fr\/app\/wp-json\/wp\/v2\/product_brand?post=4048854"},{"taxonomy":"product_cat","embeddable":true,"href":"https:\/\/streetmarkets.fr\/app\/wp-json\/wp\/v2\/product_cat?post=4048854"},{"taxonomy":"product_tag","embeddable":true,"href":"https:\/\/streetmarkets.fr\/app\/wp-json\/wp\/v2\/product_tag?post=4048854"}],"curies":[{"name":"wp","href":"https:\/\/api.w.org\/{rel}","templated":true}]}}