{"id":4048842,"date":"2026-04-30T02:28:31","date_gmt":"2026-04-30T00:28:31","guid":{"rendered":"https:\/\/streetmarkets.fr\/app\/produit\/bracelet-croissante-261-w-white\/"},"modified":"2026-05-12T02:30:42","modified_gmt":"2026-05-12T00:30:42","slug":"bracelet-croissante-261-w-white","status":"publish","type":"product","link":"https:\/\/streetmarkets.fr\/app\/produit\/bracelet-croissante-261-w-white\/","title":{"rendered":"Bracelet Croissante (261 \/ W \/ WHITE)"},"content":{"rendered":"<p>Le bracelet Croissante de Jewel Rocks est dot\u00e9 d&#8217;une breloque lune fa\u00e7onn\u00e9e en argent plaqu\u00e9 or 18 carats et d&#8217;une perle sur un cordon en coton tress\u00e9 de longueur ajustable.<\/p>\n<ul>\n<li>Longueur r\u00e9glable\u00a0: 22 cm<\/li>\n<li>Style\u00a0: Croissante<\/li>\n<li>Couleur\u00a0: Blanc\/Or<\/li>\n<\/ul>\n","protected":false},"excerpt":{"rendered":"<p>Le bracelet Croissante de Jewel Rocks est dot\u00e9 d&#8217;une breloque lune fa\u00e7onn\u00e9e en argent plaqu\u00e9 or 18 carats et d&#8217;une perle sur un cordon en coton tress\u00e9 de longueur ajustable. Longueur r\u00e9glable\u00a0: 22 cm Style\u00a0: Croissante Couleur\u00a0: Blanc\/Or<\/p>\n","protected":false},"featured_media":4120647,"comment_status":"open","ping_status":"closed","template":"","meta":[],"product_brand":[],"product_cat":[],"product_tag":[],"acf":[],"_links":{"self":[{"href":"https:\/\/streetmarkets.fr\/app\/wp-json\/wp\/v2\/product\/4048842"}],"collection":[{"href":"https:\/\/streetmarkets.fr\/app\/wp-json\/wp\/v2\/product"}],"about":[{"href":"https:\/\/streetmarkets.fr\/app\/wp-json\/wp\/v2\/types\/product"}],"replies":[{"embeddable":true,"href":"https:\/\/streetmarkets.fr\/app\/wp-json\/wp\/v2\/comments?post=4048842"}],"wp:featuredmedia":[{"embeddable":true,"href":"https:\/\/streetmarkets.fr\/app\/wp-json\/wp\/v2\/media\/4120647"}],"wp:attachment":[{"href":"https:\/\/streetmarkets.fr\/app\/wp-json\/wp\/v2\/media?parent=4048842"}],"wp:term":[{"taxonomy":"product_brand","embeddable":true,"href":"https:\/\/streetmarkets.fr\/app\/wp-json\/wp\/v2\/product_brand?post=4048842"},{"taxonomy":"product_cat","embeddable":true,"href":"https:\/\/streetmarkets.fr\/app\/wp-json\/wp\/v2\/product_cat?post=4048842"},{"taxonomy":"product_tag","embeddable":true,"href":"https:\/\/streetmarkets.fr\/app\/wp-json\/wp\/v2\/product_tag?post=4048842"}],"curies":[{"name":"wp","href":"https:\/\/api.w.org\/{rel}","templated":true}]}}