{"id":4048830,"date":"2026-04-30T02:28:31","date_gmt":"2026-04-30T00:28:31","guid":{"rendered":"https:\/\/streetmarkets.fr\/app\/produit\/boucles-doreilles-dendrite-pebble-n2-261-w-black\/"},"modified":"2026-05-13T02:30:28","modified_gmt":"2026-05-13T00:30:28","slug":"boucles-doreilles-dendrite-pebble-n2-261-w-black","status":"publish","type":"product","link":"https:\/\/streetmarkets.fr\/app\/produit\/boucles-doreilles-dendrite-pebble-n2-261-w-black\/","title":{"rendered":"Boucles d&#8217;oreilles Dendrite Pebble N\u00b02 (261 \/ W \/ BLACK)"},"content":{"rendered":"<p>Les boucles d&#8217;oreilles Dendrite Pebble NO2 de Mussels and Muscles sont orn\u00e9es d&#8217;une paire de pierres dendritiques mont\u00e9es sur des tiges en argent 925.<\/p>\n<ul>\n<li>Pour oreilles perc\u00e9es<\/li>\n<li>Boucles d&#8217;oreilles vendues par paire<\/li>\n<li>Longueur du galet en dendrite\u00a0: 25 mm<\/li>\n<li>Longueur totale\u00a0: 5 cm<\/li>\n<li>Style\u00a0: Dendrite Pebble NO2<\/li>\n<li>Couleur\u00a0: Dendrite<\/li>\n<\/ul>\n","protected":false},"excerpt":{"rendered":"<p>Les boucles d&#8217;oreilles Dendrite Pebble NO2 de Mussels and Muscles sont orn\u00e9es d&#8217;une paire de pierres dendritiques mont\u00e9es sur des tiges en argent 925. Pour oreilles perc\u00e9es Boucles d&#8217;oreilles vendues par paire Longueur du galet en dendrite\u00a0: 25 mm Longueur totale\u00a0: 5 cm Style\u00a0: Dendrite Pebble NO2 Couleur\u00a0: Dendrite<\/p>\n","protected":false},"featured_media":4126987,"comment_status":"open","ping_status":"closed","template":"","meta":[],"product_brand":[],"product_cat":[],"product_tag":[],"acf":[],"_links":{"self":[{"href":"https:\/\/streetmarkets.fr\/app\/wp-json\/wp\/v2\/product\/4048830"}],"collection":[{"href":"https:\/\/streetmarkets.fr\/app\/wp-json\/wp\/v2\/product"}],"about":[{"href":"https:\/\/streetmarkets.fr\/app\/wp-json\/wp\/v2\/types\/product"}],"replies":[{"embeddable":true,"href":"https:\/\/streetmarkets.fr\/app\/wp-json\/wp\/v2\/comments?post=4048830"}],"wp:featuredmedia":[{"embeddable":true,"href":"https:\/\/streetmarkets.fr\/app\/wp-json\/wp\/v2\/media\/4126987"}],"wp:attachment":[{"href":"https:\/\/streetmarkets.fr\/app\/wp-json\/wp\/v2\/media?parent=4048830"}],"wp:term":[{"taxonomy":"product_brand","embeddable":true,"href":"https:\/\/streetmarkets.fr\/app\/wp-json\/wp\/v2\/product_brand?post=4048830"},{"taxonomy":"product_cat","embeddable":true,"href":"https:\/\/streetmarkets.fr\/app\/wp-json\/wp\/v2\/product_cat?post=4048830"},{"taxonomy":"product_tag","embeddable":true,"href":"https:\/\/streetmarkets.fr\/app\/wp-json\/wp\/v2\/product_tag?post=4048830"}],"curies":[{"name":"wp","href":"https:\/\/api.w.org\/{rel}","templated":true}]}}