{"id":4048817,"date":"2026-04-30T02:28:30","date_gmt":"2026-04-30T00:28:30","guid":{"rendered":"https:\/\/streetmarkets.fr\/app\/produit\/porte-cles-perlin-short-261-w-green\/"},"modified":"2026-05-09T02:39:11","modified_gmt":"2026-05-09T00:39:11","slug":"porte-cles-perlin-short-261-w-green","status":"publish","type":"product","link":"https:\/\/streetmarkets.fr\/app\/produit\/porte-cles-perlin-short-261-w-green\/","title":{"rendered":"Porte-cl\u00e9s Perlin Short (261 \/ W \/ GREEN)"},"content":{"rendered":"<p>Le porte-cl\u00e9s court Perlen d&#8217;Ina Seifart est dot\u00e9 de perles en bois \u00e0 la finition v\u00e9gane et non toxique, d&#8217;un fermoir en m\u00e9tal et d&#8217;un anneau porte-cl\u00e9s en m\u00e9tal.<\/p>\n<ul>\n<li>Longueur\u00a0: 22 cm<\/li>\n<li>Taille des perles\u00a0: 10 mm<\/li>\n<li>Style\u00a0: Perlin Short<\/li>\n<li>Couleur\u00a0: Vert<\/li>\n<\/ul>\n","protected":false},"excerpt":{"rendered":"<p>Le porte-cl\u00e9s court Perlen d&#8217;Ina Seifart est dot\u00e9 de perles en bois \u00e0 la finition v\u00e9gane et non toxique, d&#8217;un fermoir en m\u00e9tal et d&#8217;un anneau porte-cl\u00e9s en m\u00e9tal. Longueur\u00a0: 22 cm Taille des perles\u00a0: 10 mm Style\u00a0: Perlin Short Couleur\u00a0: Vert<\/p>\n","protected":false},"featured_media":4104713,"comment_status":"open","ping_status":"closed","template":"","meta":[],"product_brand":[],"product_cat":[],"product_tag":[],"acf":[],"_links":{"self":[{"href":"https:\/\/streetmarkets.fr\/app\/wp-json\/wp\/v2\/product\/4048817"}],"collection":[{"href":"https:\/\/streetmarkets.fr\/app\/wp-json\/wp\/v2\/product"}],"about":[{"href":"https:\/\/streetmarkets.fr\/app\/wp-json\/wp\/v2\/types\/product"}],"replies":[{"embeddable":true,"href":"https:\/\/streetmarkets.fr\/app\/wp-json\/wp\/v2\/comments?post=4048817"}],"wp:featuredmedia":[{"embeddable":true,"href":"https:\/\/streetmarkets.fr\/app\/wp-json\/wp\/v2\/media\/4104713"}],"wp:attachment":[{"href":"https:\/\/streetmarkets.fr\/app\/wp-json\/wp\/v2\/media?parent=4048817"}],"wp:term":[{"taxonomy":"product_brand","embeddable":true,"href":"https:\/\/streetmarkets.fr\/app\/wp-json\/wp\/v2\/product_brand?post=4048817"},{"taxonomy":"product_cat","embeddable":true,"href":"https:\/\/streetmarkets.fr\/app\/wp-json\/wp\/v2\/product_cat?post=4048817"},{"taxonomy":"product_tag","embeddable":true,"href":"https:\/\/streetmarkets.fr\/app\/wp-json\/wp\/v2\/product_tag?post=4048817"}],"curies":[{"name":"wp","href":"https:\/\/api.w.org\/{rel}","templated":true}]}}