{"id":4048771,"date":"2026-04-30T02:28:16","date_gmt":"2026-04-30T00:28:16","guid":{"rendered":"https:\/\/streetmarkets.fr\/app\/produit\/pull-col-rond-deno-261-w-oyster\/"},"modified":"2026-05-09T02:39:11","modified_gmt":"2026-05-09T00:39:11","slug":"pull-col-rond-deno-261-w-oyster","status":"publish","type":"product","link":"https:\/\/streetmarkets.fr\/app\/produit\/pull-col-rond-deno-261-w-oyster\/","title":{"rendered":"Pull col rond Deno (261 \/ W \/ OYSTER)"},"content":{"rendered":"<p>Pull oversize en maille fine gris clair, avec col rond crois\u00e9, coutures apparentes et manches raglan.<\/p>\n<ul>\n<li><b>Choisissez votre taille habituelle pour le rendu souhait\u00e9, ou une taille en-dessous pour un style plus ajust\u00e9.<\/b><\/li>\n<li>Coupe oversized : Coupe volontairement ample pour un effet volumineux.<\/li>\n<li>Col rond crois\u00e9<\/li>\n<li>Coutures apparentes<\/li>\n<li>Manches raglan longues<\/li>\n<li>\u00c9paules tombantes<\/li>\n<li>Encolure, poignets et ourlet c\u00f4tel\u00e9s<\/li>\n<li>Jauge fine, 2 fils<\/li>\n<\/ul>\n","protected":false},"excerpt":{"rendered":"<p>Pull oversize en maille fine gris clair, avec col rond crois\u00e9, coutures apparentes et manches raglan. Choisissez votre taille habituelle pour le rendu souhait\u00e9, ou une taille en-dessous pour un style plus ajust\u00e9. Coupe oversized : Coupe volontairement ample pour un effet volumineux. Col rond crois\u00e9 Coutures apparentes Manches raglan longues \u00c9paules tombantes Encolure, poignets [&hellip;]<\/p>\n","protected":false},"featured_media":4104683,"comment_status":"open","ping_status":"closed","template":"","meta":[],"product_brand":[2529],"product_cat":[],"product_tag":[],"acf":[],"_links":{"self":[{"href":"https:\/\/streetmarkets.fr\/app\/wp-json\/wp\/v2\/product\/4048771"}],"collection":[{"href":"https:\/\/streetmarkets.fr\/app\/wp-json\/wp\/v2\/product"}],"about":[{"href":"https:\/\/streetmarkets.fr\/app\/wp-json\/wp\/v2\/types\/product"}],"replies":[{"embeddable":true,"href":"https:\/\/streetmarkets.fr\/app\/wp-json\/wp\/v2\/comments?post=4048771"}],"wp:featuredmedia":[{"embeddable":true,"href":"https:\/\/streetmarkets.fr\/app\/wp-json\/wp\/v2\/media\/4104683"}],"wp:attachment":[{"href":"https:\/\/streetmarkets.fr\/app\/wp-json\/wp\/v2\/media?parent=4048771"}],"wp:term":[{"taxonomy":"product_brand","embeddable":true,"href":"https:\/\/streetmarkets.fr\/app\/wp-json\/wp\/v2\/product_brand?post=4048771"},{"taxonomy":"product_cat","embeddable":true,"href":"https:\/\/streetmarkets.fr\/app\/wp-json\/wp\/v2\/product_cat?post=4048771"},{"taxonomy":"product_tag","embeddable":true,"href":"https:\/\/streetmarkets.fr\/app\/wp-json\/wp\/v2\/product_tag?post=4048771"}],"curies":[{"name":"wp","href":"https:\/\/api.w.org\/{rel}","templated":true}]}}