{"id":4048758,"date":"2026-04-30T02:28:15","date_gmt":"2026-04-30T00:28:15","guid":{"rendered":"https:\/\/streetmarkets.fr\/app\/produit\/cardigan-en-angora-datco-261-w-mahogany\/"},"modified":"2026-05-10T02:42:29","modified_gmt":"2026-05-10T00:42:29","slug":"cardigan-en-angora-datco-261-w-mahogany","status":"publish","type":"product","link":"https:\/\/streetmarkets.fr\/app\/produit\/cardigan-en-angora-datco-261-w-mahogany\/","title":{"rendered":"Cardigan en angora Datco (261 \/ W \/ MAHOGANY)"},"content":{"rendered":"<p>Cardigan court d\u00e9contract\u00e9 en m\u00e9lange d\u2019angora couleur terracotta, avec boutons sur le devant et col chemise ouvert.<\/p>\n<ul>\n<li><b>Taille normalement<\/b><\/li>\n<li>Coupe d\u00e9contract\u00e9e : Offre plus d\u2019aisance au niveau de la poitrine et des \u00e9paules pour un confort optimal.<\/li>\n<li>Longueur cropped<\/li>\n<li>Fermeture boutonn\u00e9e sur le devant<\/li>\n<li>Manches longues<\/li>\n<li>Col ouvert<\/li>\n<li>Ourlet et poignets c\u00f4tel\u00e9s<\/li>\n<li>M\u00e9lange d&#8217;angora doux<\/li>\n<li>Jauge moyenne<\/li>\n<\/ul>\n","protected":false},"excerpt":{"rendered":"<p>Cardigan court d\u00e9contract\u00e9 en m\u00e9lange d\u2019angora couleur terracotta, avec boutons sur le devant et col chemise ouvert. Taille normalement Coupe d\u00e9contract\u00e9e : Offre plus d\u2019aisance au niveau de la poitrine et des \u00e9paules pour un confort optimal. Longueur cropped Fermeture boutonn\u00e9e sur le devant Manches longues Col ouvert Ourlet et poignets c\u00f4tel\u00e9s M\u00e9lange d&#8217;angora doux [&hellip;]<\/p>\n","protected":false},"featured_media":4109701,"comment_status":"open","ping_status":"closed","template":"","meta":[],"product_brand":[2529],"product_cat":[],"product_tag":[],"acf":[],"_links":{"self":[{"href":"https:\/\/streetmarkets.fr\/app\/wp-json\/wp\/v2\/product\/4048758"}],"collection":[{"href":"https:\/\/streetmarkets.fr\/app\/wp-json\/wp\/v2\/product"}],"about":[{"href":"https:\/\/streetmarkets.fr\/app\/wp-json\/wp\/v2\/types\/product"}],"replies":[{"embeddable":true,"href":"https:\/\/streetmarkets.fr\/app\/wp-json\/wp\/v2\/comments?post=4048758"}],"wp:featuredmedia":[{"embeddable":true,"href":"https:\/\/streetmarkets.fr\/app\/wp-json\/wp\/v2\/media\/4109701"}],"wp:attachment":[{"href":"https:\/\/streetmarkets.fr\/app\/wp-json\/wp\/v2\/media?parent=4048758"}],"wp:term":[{"taxonomy":"product_brand","embeddable":true,"href":"https:\/\/streetmarkets.fr\/app\/wp-json\/wp\/v2\/product_brand?post=4048758"},{"taxonomy":"product_cat","embeddable":true,"href":"https:\/\/streetmarkets.fr\/app\/wp-json\/wp\/v2\/product_cat?post=4048758"},{"taxonomy":"product_tag","embeddable":true,"href":"https:\/\/streetmarkets.fr\/app\/wp-json\/wp\/v2\/product_tag?post=4048758"}],"curies":[{"name":"wp","href":"https:\/\/api.w.org\/{rel}","templated":true}]}}