{"id":4048565,"date":"2026-04-30T02:27:59","date_gmt":"2026-04-30T00:27:59","guid":{"rendered":"https:\/\/streetmarkets.fr\/app\/produit\/pantalon-de-tailleur-large-volkert-261-w-check-a\/"},"modified":"2026-05-11T02:40:00","modified_gmt":"2026-05-11T00:40:00","slug":"pantalon-de-tailleur-large-volkert-261-w-check-a","status":"publish","type":"product","link":"https:\/\/streetmarkets.fr\/app\/produit\/pantalon-de-tailleur-large-volkert-261-w-check-a\/","title":{"rendered":"Pantalon de tailleur large Volkert (261 \/ W \/ CHECK A)"},"content":{"rendered":"<p>Pantalon de tailleur taille mi-haute \u00e0 jambes larges, dans un tissu \u00e0 carreaux marron et beige, avec plis sur le devant et poches \u00e0 rabat \u00e0 l&#8217;arri\u00e8re.<\/p>\n<ul>\n<li>Jambes larges<\/li>\n<li>Taille mi-haute<\/li>\n<li>Plis sur le devant<\/li>\n<li>Passants de ceinture<\/li>\n<li>Coupe ajust\u00e9e<\/li>\n<li>Poches arri\u00e8re passepoil\u00e9es avec boutons<\/li>\n<li>Fermeture \u00e0 boutons et zip<\/li>\n<li>Longueur entrejambe : 79,5 cm (pour une taille 36)<\/li>\n<li>La longueur d\u2019entrejambe varie l\u00e9g\u00e8rement selon la taille choisie afin d\u2019assurer une coupe proportionn\u00e9e.<\/li>\n<\/ul>\n","protected":false},"excerpt":{"rendered":"<p>Pantalon de tailleur taille mi-haute \u00e0 jambes larges, dans un tissu \u00e0 carreaux marron et beige, avec plis sur le devant et poches \u00e0 rabat \u00e0 l&#8217;arri\u00e8re. Jambes larges Taille mi-haute Plis sur le devant Passants de ceinture Coupe ajust\u00e9e Poches arri\u00e8re passepoil\u00e9es avec boutons Fermeture \u00e0 boutons et zip Longueur entrejambe : 79,5 cm [&hellip;]<\/p>\n","protected":false},"featured_media":4115349,"comment_status":"open","ping_status":"closed","template":"","meta":[],"product_brand":[2529],"product_cat":[],"product_tag":[],"acf":[],"_links":{"self":[{"href":"https:\/\/streetmarkets.fr\/app\/wp-json\/wp\/v2\/product\/4048565"}],"collection":[{"href":"https:\/\/streetmarkets.fr\/app\/wp-json\/wp\/v2\/product"}],"about":[{"href":"https:\/\/streetmarkets.fr\/app\/wp-json\/wp\/v2\/types\/product"}],"replies":[{"embeddable":true,"href":"https:\/\/streetmarkets.fr\/app\/wp-json\/wp\/v2\/comments?post=4048565"}],"wp:featuredmedia":[{"embeddable":true,"href":"https:\/\/streetmarkets.fr\/app\/wp-json\/wp\/v2\/media\/4115349"}],"wp:attachment":[{"href":"https:\/\/streetmarkets.fr\/app\/wp-json\/wp\/v2\/media?parent=4048565"}],"wp:term":[{"taxonomy":"product_brand","embeddable":true,"href":"https:\/\/streetmarkets.fr\/app\/wp-json\/wp\/v2\/product_brand?post=4048565"},{"taxonomy":"product_cat","embeddable":true,"href":"https:\/\/streetmarkets.fr\/app\/wp-json\/wp\/v2\/product_cat?post=4048565"},{"taxonomy":"product_tag","embeddable":true,"href":"https:\/\/streetmarkets.fr\/app\/wp-json\/wp\/v2\/product_tag?post=4048565"}],"curies":[{"name":"wp","href":"https:\/\/api.w.org\/{rel}","templated":true}]}}