{"id":4048552,"date":"2026-04-30T02:27:58","date_gmt":"2026-04-30T00:27:58","guid":{"rendered":"https:\/\/streetmarkets.fr\/app\/produit\/pantalon-de-jogging-jelina-261-w-captain\/"},"modified":"2026-05-11T02:40:00","modified_gmt":"2026-05-11T00:40:00","slug":"pantalon-de-jogging-jelina-261-w-captain","status":"publish","type":"product","link":"https:\/\/streetmarkets.fr\/app\/produit\/pantalon-de-jogging-jelina-261-w-captain\/","title":{"rendered":"Pantalon de jogging Jelina (261 \/ W \/ CAPTAIN)"},"content":{"rendered":"<p>Pantalon de jogging bleu marine, coupe d\u00e9contract\u00e9e, avec passepoil contrastant blanc sur les c\u00f4t\u00e9s.<\/p>\n<ul>\n<li>Coupe d\u00e9contract\u00e9e<\/li>\n<li>Taille \u00e9lastiqu\u00e9e avec cordon de serrage int\u00e9rieur r\u00e9glable<\/li>\n<li>Jambes larges avec empi\u00e8cements lat\u00e9raux<\/li>\n<li>Passepoil blanc contrastant \u00e0 l&#8217;avant, sur les c\u00f4t\u00e9s et \u00e0 l&#8217;arri\u00e8re<\/li>\n<li>Poches sur les coutures lat\u00e9rales<\/li>\n<li>Longueur entrejambe : 30&#8243; (bas\u00e9e sur une taille 36)<\/li>\n<li>La longueur d\u2019entrejambe varie l\u00e9g\u00e8rement selon la taille choisie afin d\u2019assurer une coupe proportionn\u00e9e.<\/li>\n<li>Assorti \u00e0 la veste zipp\u00e9e Tropy<\/li>\n<\/ul>\n","protected":false},"excerpt":{"rendered":"<p>Pantalon de jogging bleu marine, coupe d\u00e9contract\u00e9e, avec passepoil contrastant blanc sur les c\u00f4t\u00e9s. Coupe d\u00e9contract\u00e9e Taille \u00e9lastiqu\u00e9e avec cordon de serrage int\u00e9rieur r\u00e9glable Jambes larges avec empi\u00e8cements lat\u00e9raux Passepoil blanc contrastant \u00e0 l&#8217;avant, sur les c\u00f4t\u00e9s et \u00e0 l&#8217;arri\u00e8re Poches sur les coutures lat\u00e9rales Longueur entrejambe : 30&#8243; (bas\u00e9e sur une taille 36) La [&hellip;]<\/p>\n","protected":false},"featured_media":4115341,"comment_status":"open","ping_status":"closed","template":"","meta":[],"product_brand":[2529],"product_cat":[],"product_tag":[],"acf":[],"_links":{"self":[{"href":"https:\/\/streetmarkets.fr\/app\/wp-json\/wp\/v2\/product\/4048552"}],"collection":[{"href":"https:\/\/streetmarkets.fr\/app\/wp-json\/wp\/v2\/product"}],"about":[{"href":"https:\/\/streetmarkets.fr\/app\/wp-json\/wp\/v2\/types\/product"}],"replies":[{"embeddable":true,"href":"https:\/\/streetmarkets.fr\/app\/wp-json\/wp\/v2\/comments?post=4048552"}],"wp:featuredmedia":[{"embeddable":true,"href":"https:\/\/streetmarkets.fr\/app\/wp-json\/wp\/v2\/media\/4115341"}],"wp:attachment":[{"href":"https:\/\/streetmarkets.fr\/app\/wp-json\/wp\/v2\/media?parent=4048552"}],"wp:term":[{"taxonomy":"product_brand","embeddable":true,"href":"https:\/\/streetmarkets.fr\/app\/wp-json\/wp\/v2\/product_brand?post=4048552"},{"taxonomy":"product_cat","embeddable":true,"href":"https:\/\/streetmarkets.fr\/app\/wp-json\/wp\/v2\/product_cat?post=4048552"},{"taxonomy":"product_tag","embeddable":true,"href":"https:\/\/streetmarkets.fr\/app\/wp-json\/wp\/v2\/product_tag?post=4048552"}],"curies":[{"name":"wp","href":"https:\/\/api.w.org\/{rel}","templated":true}]}}