{"id":4048539,"date":"2026-04-30T02:27:57","date_gmt":"2026-04-30T00:27:57","guid":{"rendered":"https:\/\/streetmarkets.fr\/app\/produit\/manteau-trench-julie-261-w-check-a\/"},"modified":"2026-05-16T02:31:04","modified_gmt":"2026-05-16T00:31:04","slug":"manteau-trench-julie-261-w-check-a","status":"publish","type":"product","link":"https:\/\/streetmarkets.fr\/app\/produit\/manteau-trench-julie-261-w-check-a\/","title":{"rendered":"Manteau-trench Julie (261 \/ W \/ CHECK A)"},"content":{"rendered":"<p>Manteau-trench d\u00e9contract\u00e9 \u00e0 carreaux tartan noirs, bleu marine et vert fonc\u00e9, avec patte de boutonnage dissimul\u00e9e, manches raglan, coupe droite et poches passepoil\u00e9es.<\/p>\n<ul>\n<li>Coupe d\u00e9contract\u00e9e<\/li>\n<li>Col classique<\/li>\n<li>Manches longues et volumineuses<\/li>\n<li>\u00c9paules tombantes<\/li>\n<li>Patte de boutonnage dissimul\u00e9e<\/li>\n<li>Deux poches passepoil\u00e9es lat\u00e9rales<\/li>\n<li>D\u00e9tail de couture au milieu du dos<\/li>\n<li>Carreaux tartan noirs, bleu marine et vert fonc\u00e9<\/li>\n<li>Version longue de la veste trench Jodie<\/li>\n<\/ul>\n","protected":false},"excerpt":{"rendered":"<p>Manteau-trench d\u00e9contract\u00e9 \u00e0 carreaux tartan noirs, bleu marine et vert fonc\u00e9, avec patte de boutonnage dissimul\u00e9e, manches raglan, coupe droite et poches passepoil\u00e9es. Coupe d\u00e9contract\u00e9e Col classique Manches longues et volumineuses \u00c9paules tombantes Patte de boutonnage dissimul\u00e9e Deux poches passepoil\u00e9es lat\u00e9rales D\u00e9tail de couture au milieu du dos Carreaux tartan noirs, bleu marine et vert [&hellip;]<\/p>\n","protected":false},"featured_media":4142792,"comment_status":"open","ping_status":"closed","template":"","meta":[],"product_brand":[2529],"product_cat":[],"product_tag":[],"acf":[],"_links":{"self":[{"href":"https:\/\/streetmarkets.fr\/app\/wp-json\/wp\/v2\/product\/4048539"}],"collection":[{"href":"https:\/\/streetmarkets.fr\/app\/wp-json\/wp\/v2\/product"}],"about":[{"href":"https:\/\/streetmarkets.fr\/app\/wp-json\/wp\/v2\/types\/product"}],"replies":[{"embeddable":true,"href":"https:\/\/streetmarkets.fr\/app\/wp-json\/wp\/v2\/comments?post=4048539"}],"wp:featuredmedia":[{"embeddable":true,"href":"https:\/\/streetmarkets.fr\/app\/wp-json\/wp\/v2\/media\/4142792"}],"wp:attachment":[{"href":"https:\/\/streetmarkets.fr\/app\/wp-json\/wp\/v2\/media?parent=4048539"}],"wp:term":[{"taxonomy":"product_brand","embeddable":true,"href":"https:\/\/streetmarkets.fr\/app\/wp-json\/wp\/v2\/product_brand?post=4048539"},{"taxonomy":"product_cat","embeddable":true,"href":"https:\/\/streetmarkets.fr\/app\/wp-json\/wp\/v2\/product_cat?post=4048539"},{"taxonomy":"product_tag","embeddable":true,"href":"https:\/\/streetmarkets.fr\/app\/wp-json\/wp\/v2\/product_tag?post=4048539"}],"curies":[{"name":"wp","href":"https:\/\/api.w.org\/{rel}","templated":true}]}}