{"id":4048525,"date":"2026-04-30T02:27:56","date_gmt":"2026-04-30T00:27:56","guid":{"rendered":"https:\/\/streetmarkets.fr\/app\/produit\/pantalon-en-similicuir-vinj-261-w-dark-roast\/"},"modified":"2026-05-16T02:31:04","modified_gmt":"2026-05-16T00:31:04","slug":"pantalon-en-similicuir-vinj-261-w-dark-roast","status":"publish","type":"product","link":"https:\/\/streetmarkets.fr\/app\/produit\/pantalon-en-similicuir-vinj-261-w-dark-roast\/","title":{"rendered":"Pantalon en similicuir Vinj (261 \/ W \/ DARK ROAST)"},"content":{"rendered":"<p>Pantalon slim taille haute en similicuir brun fonc\u00e9, avec des jambes l\u00e9g\u00e8rement \u00e9vas\u00e9es.<\/p>\n<ul>\n<li>Coupe slim<\/li>\n<li>Taille haute<\/li>\n<li>Jambes l\u00e9g\u00e8rement \u00e9vas\u00e9es<\/li>\n<li>Finition en similicuir brun fonc\u00e9<\/li>\n<li>Poches plaqu\u00e9es \u00e0 l&#8217;avant et \u00e0 l&#8217;arri\u00e8re<\/li>\n<li>Fermeture zipp\u00e9e avec bouton<\/li>\n<\/ul>\n","protected":false},"excerpt":{"rendered":"<p>Pantalon slim taille haute en similicuir brun fonc\u00e9, avec des jambes l\u00e9g\u00e8rement \u00e9vas\u00e9es. Coupe slim Taille haute Jambes l\u00e9g\u00e8rement \u00e9vas\u00e9es Finition en similicuir brun fonc\u00e9 Poches plaqu\u00e9es \u00e0 l&#8217;avant et \u00e0 l&#8217;arri\u00e8re Fermeture zipp\u00e9e avec bouton<\/p>\n","protected":false},"featured_media":4142784,"comment_status":"open","ping_status":"closed","template":"","meta":[],"product_brand":[2529],"product_cat":[],"product_tag":[],"acf":[],"_links":{"self":[{"href":"https:\/\/streetmarkets.fr\/app\/wp-json\/wp\/v2\/product\/4048525"}],"collection":[{"href":"https:\/\/streetmarkets.fr\/app\/wp-json\/wp\/v2\/product"}],"about":[{"href":"https:\/\/streetmarkets.fr\/app\/wp-json\/wp\/v2\/types\/product"}],"replies":[{"embeddable":true,"href":"https:\/\/streetmarkets.fr\/app\/wp-json\/wp\/v2\/comments?post=4048525"}],"wp:featuredmedia":[{"embeddable":true,"href":"https:\/\/streetmarkets.fr\/app\/wp-json\/wp\/v2\/media\/4142784"}],"wp:attachment":[{"href":"https:\/\/streetmarkets.fr\/app\/wp-json\/wp\/v2\/media?parent=4048525"}],"wp:term":[{"taxonomy":"product_brand","embeddable":true,"href":"https:\/\/streetmarkets.fr\/app\/wp-json\/wp\/v2\/product_brand?post=4048525"},{"taxonomy":"product_cat","embeddable":true,"href":"https:\/\/streetmarkets.fr\/app\/wp-json\/wp\/v2\/product_cat?post=4048525"},{"taxonomy":"product_tag","embeddable":true,"href":"https:\/\/streetmarkets.fr\/app\/wp-json\/wp\/v2\/product_tag?post=4048525"}],"curies":[{"name":"wp","href":"https:\/\/api.w.org\/{rel}","templated":true}]}}