{"id":4048465,"date":"2026-04-30T02:27:51","date_gmt":"2026-04-30T00:27:51","guid":{"rendered":"https:\/\/streetmarkets.fr\/app\/produit\/manteau-en-similicuir-jana-261-w-cerise\/"},"modified":"2026-05-08T02:39:14","modified_gmt":"2026-05-08T00:39:14","slug":"manteau-en-similicuir-jana-261-w-cerise","status":"publish","type":"product","link":"https:\/\/streetmarkets.fr\/app\/produit\/manteau-en-similicuir-jana-261-w-cerise\/","title":{"rendered":"Manteau en similicuir Jana (261 \/ W \/ CERISE)"},"content":{"rendered":"<p>Manteau d\u00e9contract\u00e9 en similicuir rouge profond \u00e0 effet brillant, dot\u00e9 d\u2019un col pointu, de poches passepoil\u00e9es et d\u2019une doublure soyeuse rouge vif.<\/p>\n<ul>\n<li>Coupe d\u00e9contract\u00e9e<\/li>\n<li>Coupe droite<\/li>\n<li>Manches longues droites<\/li>\n<li>Col pointu<\/li>\n<li>Fermeture \u00e0 boutons sur le devant<\/li>\n<li>Deux poches passepoil\u00e9es sur les c\u00f4t\u00e9s<\/li>\n<li>Enti\u00e8rement doubl\u00e9 d&#8217;un tissu rouge vif<\/li>\n<li>Couleur rouge avec une finition brillante<\/li>\n<\/ul>\n","protected":false},"excerpt":{"rendered":"<p>Manteau d\u00e9contract\u00e9 en similicuir rouge profond \u00e0 effet brillant, dot\u00e9 d\u2019un col pointu, de poches passepoil\u00e9es et d\u2019une doublure soyeuse rouge vif. Coupe d\u00e9contract\u00e9e Coupe droite Manches longues droites Col pointu Fermeture \u00e0 boutons sur le devant Deux poches passepoil\u00e9es sur les c\u00f4t\u00e9s Enti\u00e8rement doubl\u00e9 d&#8217;un tissu rouge vif Couleur rouge avec une finition brillante<\/p>\n","protected":false},"featured_media":4098945,"comment_status":"open","ping_status":"closed","template":"","meta":[],"product_brand":[2529],"product_cat":[],"product_tag":[],"acf":[],"_links":{"self":[{"href":"https:\/\/streetmarkets.fr\/app\/wp-json\/wp\/v2\/product\/4048465"}],"collection":[{"href":"https:\/\/streetmarkets.fr\/app\/wp-json\/wp\/v2\/product"}],"about":[{"href":"https:\/\/streetmarkets.fr\/app\/wp-json\/wp\/v2\/types\/product"}],"replies":[{"embeddable":true,"href":"https:\/\/streetmarkets.fr\/app\/wp-json\/wp\/v2\/comments?post=4048465"}],"wp:featuredmedia":[{"embeddable":true,"href":"https:\/\/streetmarkets.fr\/app\/wp-json\/wp\/v2\/media\/4098945"}],"wp:attachment":[{"href":"https:\/\/streetmarkets.fr\/app\/wp-json\/wp\/v2\/media?parent=4048465"}],"wp:term":[{"taxonomy":"product_brand","embeddable":true,"href":"https:\/\/streetmarkets.fr\/app\/wp-json\/wp\/v2\/product_brand?post=4048465"},{"taxonomy":"product_cat","embeddable":true,"href":"https:\/\/streetmarkets.fr\/app\/wp-json\/wp\/v2\/product_cat?post=4048465"},{"taxonomy":"product_tag","embeddable":true,"href":"https:\/\/streetmarkets.fr\/app\/wp-json\/wp\/v2\/product_tag?post=4048465"}],"curies":[{"name":"wp","href":"https:\/\/api.w.org\/{rel}","templated":true}]}}