{"id":4048435,"date":"2026-04-30T02:27:48","date_gmt":"2026-04-30T00:27:48","guid":{"rendered":"https:\/\/streetmarkets.fr\/app\/produit\/jean-large-denim-n-62-261-w-red-clay-snow\/"},"modified":"2026-05-03T02:29:54","modified_gmt":"2026-05-03T00:29:54","slug":"jean-large-denim-n-62-261-w-red-clay-snow","status":"publish","type":"product","link":"https:\/\/streetmarkets.fr\/app\/produit\/jean-large-denim-n-62-261-w-red-clay-snow\/","title":{"rendered":"Jean Large &#8211; Denim N. 62 (261 \/ W \/ RED CLAY SNOW)"},"content":{"rendered":"<p>Jean taille haute, coupe classique et jambes larges, avec poches surpiqu\u00e9es, en denim de coton rose d\u00e9lav\u00e9.<\/p>\n<ul>\n<li><strong>Prenez une taille en dessous pour une coupe plus ajust\u00e9e et une taille plus haute. Pour une longueur plus courte, choisissez le mod\u00e8le Denim N. 61.<\/strong><\/li>\n<li>Coupe standard : Tombe naturellement sur les hanches, ni trop serr\u00e9e ni trop ample.<\/li>\n<li>Taille haute, jambes larges<\/li>\n<li>Denim de poids moyen, non stretch<\/li>\n<li>Poches surpiqu\u00e9es<\/li>\n<li>Fermeture zipp\u00e9e<\/li>\n<li>Longueur cheville<\/li>\n<li>Entrejambe : 30&#8243; (bas\u00e9e sur une taille 26)<\/li>\n<li>La longueur d\u2019entrejambe varie l\u00e9g\u00e8rement selon la taille choisie afin d\u2019assurer une coupe proportionn\u00e9e.<\/li>\n<\/ul>\n","protected":false},"excerpt":{"rendered":"<p>Jean taille haute, coupe classique et jambes larges, avec poches surpiqu\u00e9es, en denim de coton rose d\u00e9lav\u00e9. Prenez une taille en dessous pour une coupe plus ajust\u00e9e et une taille plus haute. Pour une longueur plus courte, choisissez le mod\u00e8le Denim N. 61. Coupe standard : Tombe naturellement sur les hanches, ni trop serr\u00e9e ni [&hellip;]<\/p>\n","protected":false},"featured_media":4069249,"comment_status":"open","ping_status":"closed","template":"","meta":[],"product_brand":[2529],"product_cat":[],"product_tag":[],"acf":[],"_links":{"self":[{"href":"https:\/\/streetmarkets.fr\/app\/wp-json\/wp\/v2\/product\/4048435"}],"collection":[{"href":"https:\/\/streetmarkets.fr\/app\/wp-json\/wp\/v2\/product"}],"about":[{"href":"https:\/\/streetmarkets.fr\/app\/wp-json\/wp\/v2\/types\/product"}],"replies":[{"embeddable":true,"href":"https:\/\/streetmarkets.fr\/app\/wp-json\/wp\/v2\/comments?post=4048435"}],"wp:featuredmedia":[{"embeddable":true,"href":"https:\/\/streetmarkets.fr\/app\/wp-json\/wp\/v2\/media\/4069249"}],"wp:attachment":[{"href":"https:\/\/streetmarkets.fr\/app\/wp-json\/wp\/v2\/media?parent=4048435"}],"wp:term":[{"taxonomy":"product_brand","embeddable":true,"href":"https:\/\/streetmarkets.fr\/app\/wp-json\/wp\/v2\/product_brand?post=4048435"},{"taxonomy":"product_cat","embeddable":true,"href":"https:\/\/streetmarkets.fr\/app\/wp-json\/wp\/v2\/product_cat?post=4048435"},{"taxonomy":"product_tag","embeddable":true,"href":"https:\/\/streetmarkets.fr\/app\/wp-json\/wp\/v2\/product_tag?post=4048435"}],"curies":[{"name":"wp","href":"https:\/\/api.w.org\/{rel}","templated":true}]}}