{"id":4048396,"date":"2026-04-30T02:27:36","date_gmt":"2026-04-30T00:27:36","guid":{"rendered":"https:\/\/streetmarkets.fr\/app\/produit\/sac-banane-rosie-261-w-display-b\/"},"modified":"2026-05-08T02:38:18","modified_gmt":"2026-05-08T00:38:18","slug":"sac-banane-rosie-261-w-display-b","status":"publish","type":"product","link":"https:\/\/streetmarkets.fr\/app\/produit\/sac-banane-rosie-261-w-display-b\/","title":{"rendered":"Sac banane Rosie (261 \/ W \/ DISPLAY B)"},"content":{"rendered":"<p>Sac \u00e0 bandouli\u00e8re demi-lune en cuir de vachette imprim\u00e9 l\u00e9opard.<\/p>\n<ul>\n<li>Sac \u00e0 bandouli\u00e8re<\/li>\n<li>Cuir de vachette imprim\u00e9 l\u00e9opard<\/li>\n<li>Fermeture \u00e9clair sur le devant<\/li>\n<li>Sangle r\u00e9glable en coton<\/li>\n<li>Poche int\u00e9rieure en coton<\/li>\n<li>Pi\u00e8ces m\u00e9talliques argent\u00e9es<\/li>\n<li>Anneaux clipsables (pour vous permettre de changer la sangle)<\/li>\n<li>Dimensions : 25 x 16 x 9 cm<\/li>\n<li>Longueur totale de la sangle : 115 cm<\/li>\n<\/ul>\n","protected":false},"excerpt":{"rendered":"<p>Sac \u00e0 bandouli\u00e8re demi-lune en cuir de vachette imprim\u00e9 l\u00e9opard. Sac \u00e0 bandouli\u00e8re Cuir de vachette imprim\u00e9 l\u00e9opard Fermeture \u00e9clair sur le devant Sangle r\u00e9glable en coton Poche int\u00e9rieure en coton Pi\u00e8ces m\u00e9talliques argent\u00e9es Anneaux clipsables (pour vous permettre de changer la sangle) Dimensions : 25 x 16 x 9 cm Longueur totale de la [&hellip;]<\/p>\n","protected":false},"featured_media":4098903,"comment_status":"open","ping_status":"closed","template":"","meta":[],"product_brand":[2529],"product_cat":[],"product_tag":[],"acf":[],"_links":{"self":[{"href":"https:\/\/streetmarkets.fr\/app\/wp-json\/wp\/v2\/product\/4048396"}],"collection":[{"href":"https:\/\/streetmarkets.fr\/app\/wp-json\/wp\/v2\/product"}],"about":[{"href":"https:\/\/streetmarkets.fr\/app\/wp-json\/wp\/v2\/types\/product"}],"replies":[{"embeddable":true,"href":"https:\/\/streetmarkets.fr\/app\/wp-json\/wp\/v2\/comments?post=4048396"}],"wp:featuredmedia":[{"embeddable":true,"href":"https:\/\/streetmarkets.fr\/app\/wp-json\/wp\/v2\/media\/4098903"}],"wp:attachment":[{"href":"https:\/\/streetmarkets.fr\/app\/wp-json\/wp\/v2\/media?parent=4048396"}],"wp:term":[{"taxonomy":"product_brand","embeddable":true,"href":"https:\/\/streetmarkets.fr\/app\/wp-json\/wp\/v2\/product_brand?post=4048396"},{"taxonomy":"product_cat","embeddable":true,"href":"https:\/\/streetmarkets.fr\/app\/wp-json\/wp\/v2\/product_cat?post=4048396"},{"taxonomy":"product_tag","embeddable":true,"href":"https:\/\/streetmarkets.fr\/app\/wp-json\/wp\/v2\/product_tag?post=4048396"}],"curies":[{"name":"wp","href":"https:\/\/api.w.org\/{rel}","templated":true}]}}