{"id":4048376,"date":"2026-04-30T02:27:35","date_gmt":"2026-04-30T00:27:35","guid":{"rendered":"https:\/\/streetmarkets.fr\/app\/produit\/echarpe-en-laine-servo-261-w-check-e\/"},"modified":"2026-05-09T02:38:16","modified_gmt":"2026-05-09T00:38:16","slug":"echarpe-en-laine-servo-261-w-check-e","status":"publish","type":"product","link":"https:\/\/streetmarkets.fr\/app\/produit\/echarpe-en-laine-servo-261-w-check-e\/","title":{"rendered":"\u00c9charpe en laine Servo (261 \/ W \/ CHECK E)"},"content":{"rendered":"<p>\u00c9charpe en laine tiss\u00e9e \u00e0 motif carreaux bleu marine et blanc, rehauss\u00e9e de touches violettes douces et finie par des franges.<\/p>\n<ul>\n<li>\u00c9charpe en laine tiss\u00e9e<\/li>\n<li>Carreaux bleu marine et blanc avec bords violets<\/li>\n<li>Franges sur les bords short (1,5 cm)<\/li>\n<li>Dimensions : 65 x 203 cm (avec franges)<\/li>\n<li>100% laine<\/li>\n<\/ul>\n","protected":false},"excerpt":{"rendered":"<p>\u00c9charpe en laine tiss\u00e9e \u00e0 motif carreaux bleu marine et blanc, rehauss\u00e9e de touches violettes douces et finie par des franges. \u00c9charpe en laine tiss\u00e9e Carreaux bleu marine et blanc avec bords violets Franges sur les bords short (1,5 cm) Dimensions : 65 x 203 cm (avec franges) 100% laine<\/p>\n","protected":false},"featured_media":4104435,"comment_status":"open","ping_status":"closed","template":"","meta":[],"product_brand":[2529],"product_cat":[],"product_tag":[],"acf":[],"_links":{"self":[{"href":"https:\/\/streetmarkets.fr\/app\/wp-json\/wp\/v2\/product\/4048376"}],"collection":[{"href":"https:\/\/streetmarkets.fr\/app\/wp-json\/wp\/v2\/product"}],"about":[{"href":"https:\/\/streetmarkets.fr\/app\/wp-json\/wp\/v2\/types\/product"}],"replies":[{"embeddable":true,"href":"https:\/\/streetmarkets.fr\/app\/wp-json\/wp\/v2\/comments?post=4048376"}],"wp:featuredmedia":[{"embeddable":true,"href":"https:\/\/streetmarkets.fr\/app\/wp-json\/wp\/v2\/media\/4104435"}],"wp:attachment":[{"href":"https:\/\/streetmarkets.fr\/app\/wp-json\/wp\/v2\/media?parent=4048376"}],"wp:term":[{"taxonomy":"product_brand","embeddable":true,"href":"https:\/\/streetmarkets.fr\/app\/wp-json\/wp\/v2\/product_brand?post=4048376"},{"taxonomy":"product_cat","embeddable":true,"href":"https:\/\/streetmarkets.fr\/app\/wp-json\/wp\/v2\/product_cat?post=4048376"},{"taxonomy":"product_tag","embeddable":true,"href":"https:\/\/streetmarkets.fr\/app\/wp-json\/wp\/v2\/product_tag?post=4048376"}],"curies":[{"name":"wp","href":"https:\/\/api.w.org\/{rel}","templated":true}]}}