{"id":4048353,"date":"2026-04-30T02:27:34","date_gmt":"2026-04-30T00:27:34","guid":{"rendered":"https:\/\/streetmarkets.fr\/app\/produit\/veste-sans-manches-jandi-261-w-combo-a\/"},"modified":"2026-05-15T02:29:08","modified_gmt":"2026-05-15T00:29:08","slug":"veste-sans-manches-jandi-261-w-combo-a","status":"publish","type":"product","link":"https:\/\/streetmarkets.fr\/app\/produit\/veste-sans-manches-jandi-261-w-combo-a\/","title":{"rendered":"Veste sans manches Jandi (261 \/ W \/ COMBO A)"},"content":{"rendered":"<p>Veste sans manches oversized et r\u00e9versible, en shearling beige, rehauss\u00e9e de passepoils camel contrastants et doubl\u00e9e d\u2019une face int\u00e9rieure \u00e9crue \u00e9pur\u00e9e avec poches zipp\u00e9es.<\/p>\n<ul>\n<li>Coupe oversized : choisissez votre taille habituelle pour le look souhait\u00e9 ou une taille en dessous pour un style plus ajust\u00e9.<\/li>\n<li>Mod\u00e8le r\u00e9versible<\/li>\n<li>Sans manches<\/li>\n<li>Fermeture zipp\u00e9e<\/li>\n<li>Poches lat\u00e9rales fonctionnelles d&#8217;un c\u00f4t\u00e9 et poches zipp\u00e9es de l&#8217;autre<\/li>\n<li>Texture douce en shearling<\/li>\n<\/ul>\n","protected":false},"excerpt":{"rendered":"<p>Veste sans manches oversized et r\u00e9versible, en shearling beige, rehauss\u00e9e de passepoils camel contrastants et doubl\u00e9e d\u2019une face int\u00e9rieure \u00e9crue \u00e9pur\u00e9e avec poches zipp\u00e9es. Coupe oversized : choisissez votre taille habituelle pour le look souhait\u00e9 ou une taille en dessous pour un style plus ajust\u00e9. Mod\u00e8le r\u00e9versible Sans manches Fermeture zipp\u00e9e Poches lat\u00e9rales fonctionnelles d&#8217;un [&hellip;]<\/p>\n","protected":false},"featured_media":4137632,"comment_status":"open","ping_status":"closed","template":"","meta":[],"product_brand":[2529],"product_cat":[],"product_tag":[],"acf":[],"_links":{"self":[{"href":"https:\/\/streetmarkets.fr\/app\/wp-json\/wp\/v2\/product\/4048353"}],"collection":[{"href":"https:\/\/streetmarkets.fr\/app\/wp-json\/wp\/v2\/product"}],"about":[{"href":"https:\/\/streetmarkets.fr\/app\/wp-json\/wp\/v2\/types\/product"}],"replies":[{"embeddable":true,"href":"https:\/\/streetmarkets.fr\/app\/wp-json\/wp\/v2\/comments?post=4048353"}],"wp:featuredmedia":[{"embeddable":true,"href":"https:\/\/streetmarkets.fr\/app\/wp-json\/wp\/v2\/media\/4137632"}],"wp:attachment":[{"href":"https:\/\/streetmarkets.fr\/app\/wp-json\/wp\/v2\/media?parent=4048353"}],"wp:term":[{"taxonomy":"product_brand","embeddable":true,"href":"https:\/\/streetmarkets.fr\/app\/wp-json\/wp\/v2\/product_brand?post=4048353"},{"taxonomy":"product_cat","embeddable":true,"href":"https:\/\/streetmarkets.fr\/app\/wp-json\/wp\/v2\/product_cat?post=4048353"},{"taxonomy":"product_tag","embeddable":true,"href":"https:\/\/streetmarkets.fr\/app\/wp-json\/wp\/v2\/product_tag?post=4048353"}],"curies":[{"name":"wp","href":"https:\/\/api.w.org\/{rel}","templated":true}]}}