{"id":4048339,"date":"2026-04-30T02:27:33","date_gmt":"2026-04-30T00:27:33","guid":{"rendered":"https:\/\/streetmarkets.fr\/app\/produit\/blouse-a-carreaux-cherry-261-w-check-a\/"},"modified":"2026-05-11T02:39:06","modified_gmt":"2026-05-11T00:39:06","slug":"blouse-a-carreaux-cherry-261-w-check-a","status":"publish","type":"product","link":"https:\/\/streetmarkets.fr\/app\/produit\/blouse-a-carreaux-cherry-261-w-check-a\/","title":{"rendered":"Blouse \u00e0 carreaux Cherry (261 \/ W \/ CHECK A)"},"content":{"rendered":"<p>Blouse d\u00e9contract\u00e9e \u00e0 carreaux noirs et verts, avec \u00e9paules fronc\u00e9es et manches longues bouffantes \u00e0 poignets \u00e9lastiqu\u00e9s.<\/p>\n<ul>\n<li>Coupe d\u00e9contract\u00e9e et carr\u00e9e<\/li>\n<li>Col mao<\/li>\n<li>Fermeture boutonn\u00e9e sur le devant<\/li>\n<li>Manches long bouffantes<\/li>\n<li>Poignets \u00e9lastiqu\u00e9s<\/li>\n<li>\u00c9paules fronc\u00e9es<\/li>\n<li>Carreaux noirs et verts<\/li>\n<li>Coton l\u00e9ger<\/li>\n<\/ul>\n","protected":false},"excerpt":{"rendered":"<p>Blouse d\u00e9contract\u00e9e \u00e0 carreaux noirs et verts, avec \u00e9paules fronc\u00e9es et manches longues bouffantes \u00e0 poignets \u00e9lastiqu\u00e9s. Coupe d\u00e9contract\u00e9e et carr\u00e9e Col mao Fermeture boutonn\u00e9e sur le devant Manches long bouffantes Poignets \u00e9lastiqu\u00e9s \u00c9paules fronc\u00e9es Carreaux noirs et verts Coton l\u00e9ger<\/p>\n","protected":false},"featured_media":4115208,"comment_status":"open","ping_status":"closed","template":"","meta":[],"product_brand":[2529],"product_cat":[],"product_tag":[],"acf":[],"_links":{"self":[{"href":"https:\/\/streetmarkets.fr\/app\/wp-json\/wp\/v2\/product\/4048339"}],"collection":[{"href":"https:\/\/streetmarkets.fr\/app\/wp-json\/wp\/v2\/product"}],"about":[{"href":"https:\/\/streetmarkets.fr\/app\/wp-json\/wp\/v2\/types\/product"}],"replies":[{"embeddable":true,"href":"https:\/\/streetmarkets.fr\/app\/wp-json\/wp\/v2\/comments?post=4048339"}],"wp:featuredmedia":[{"embeddable":true,"href":"https:\/\/streetmarkets.fr\/app\/wp-json\/wp\/v2\/media\/4115208"}],"wp:attachment":[{"href":"https:\/\/streetmarkets.fr\/app\/wp-json\/wp\/v2\/media?parent=4048339"}],"wp:term":[{"taxonomy":"product_brand","embeddable":true,"href":"https:\/\/streetmarkets.fr\/app\/wp-json\/wp\/v2\/product_brand?post=4048339"},{"taxonomy":"product_cat","embeddable":true,"href":"https:\/\/streetmarkets.fr\/app\/wp-json\/wp\/v2\/product_cat?post=4048339"},{"taxonomy":"product_tag","embeddable":true,"href":"https:\/\/streetmarkets.fr\/app\/wp-json\/wp\/v2\/product_tag?post=4048339"}],"curies":[{"name":"wp","href":"https:\/\/api.w.org\/{rel}","templated":true}]}}