{"id":4048326,"date":"2026-04-30T02:27:32","date_gmt":"2026-04-30T00:27:32","guid":{"rendered":"https:\/\/streetmarkets.fr\/app\/produit\/surchemise-decontractee-wandy-261-w-navy\/"},"modified":"2026-05-13T02:28:48","modified_gmt":"2026-05-13T00:28:48","slug":"surchemise-decontractee-wandy-261-w-navy","status":"publish","type":"product","link":"https:\/\/streetmarkets.fr\/app\/produit\/surchemise-decontractee-wandy-261-w-navy\/","title":{"rendered":"Surchemise d\u00e9contract\u00e9e Wandy (261 \/ W \/ NAVY)"},"content":{"rendered":"<p>Surchemise d\u00e9contract\u00e9e bleu marine avec col en velours c\u00f4tel\u00e9 ton sur ton, grandes poches plaqu\u00e9es et boutons-pression.<\/p>\n<ul>\n<li>Coupe d\u00e9contract\u00e9e<\/li>\n<li>Manches longues avec poignets ajustables \u00e0 boutons-pression<\/li>\n<li>Col en velours c\u00f4tel\u00e9 ton sur ton<\/li>\n<li>Fermeture \u00e0 boutons-pression sur le devant<\/li>\n<li>Deux grandes poches plaqu\u00e9es sur le devant avec d\u00e9tails rivets<\/li>\n<li>Pli au dos<\/li>\n<\/ul>\n","protected":false},"excerpt":{"rendered":"<p>Surchemise d\u00e9contract\u00e9e bleu marine avec col en velours c\u00f4tel\u00e9 ton sur ton, grandes poches plaqu\u00e9es et boutons-pression. Coupe d\u00e9contract\u00e9e Manches longues avec poignets ajustables \u00e0 boutons-pression Col en velours c\u00f4tel\u00e9 ton sur ton Fermeture \u00e0 boutons-pression sur le devant Deux grandes poches plaqu\u00e9es sur le devant avec d\u00e9tails rivets Pli au dos<\/p>\n","protected":false},"featured_media":4126669,"comment_status":"open","ping_status":"closed","template":"","meta":[],"product_brand":[2529],"product_cat":[],"product_tag":[],"acf":[],"_links":{"self":[{"href":"https:\/\/streetmarkets.fr\/app\/wp-json\/wp\/v2\/product\/4048326"}],"collection":[{"href":"https:\/\/streetmarkets.fr\/app\/wp-json\/wp\/v2\/product"}],"about":[{"href":"https:\/\/streetmarkets.fr\/app\/wp-json\/wp\/v2\/types\/product"}],"replies":[{"embeddable":true,"href":"https:\/\/streetmarkets.fr\/app\/wp-json\/wp\/v2\/comments?post=4048326"}],"wp:featuredmedia":[{"embeddable":true,"href":"https:\/\/streetmarkets.fr\/app\/wp-json\/wp\/v2\/media\/4126669"}],"wp:attachment":[{"href":"https:\/\/streetmarkets.fr\/app\/wp-json\/wp\/v2\/media?parent=4048326"}],"wp:term":[{"taxonomy":"product_brand","embeddable":true,"href":"https:\/\/streetmarkets.fr\/app\/wp-json\/wp\/v2\/product_brand?post=4048326"},{"taxonomy":"product_cat","embeddable":true,"href":"https:\/\/streetmarkets.fr\/app\/wp-json\/wp\/v2\/product_cat?post=4048326"},{"taxonomy":"product_tag","embeddable":true,"href":"https:\/\/streetmarkets.fr\/app\/wp-json\/wp\/v2\/product_tag?post=4048326"}],"curies":[{"name":"wp","href":"https:\/\/api.w.org\/{rel}","templated":true}]}}