{"id":4048315,"date":"2026-04-30T02:27:32","date_gmt":"2026-04-30T00:27:32","guid":{"rendered":"https:\/\/streetmarkets.fr\/app\/produit\/pull-col-rond-anglet-261-w-stripe-a\/"},"modified":"2026-05-08T02:38:18","modified_gmt":"2026-05-08T00:38:18","slug":"pull-col-rond-anglet-261-w-stripe-a","status":"publish","type":"product","link":"https:\/\/streetmarkets.fr\/app\/produit\/pull-col-rond-anglet-261-w-stripe-a\/","title":{"rendered":"Pull col rond Anglet (261 \/ W \/ STRIPE A)"},"content":{"rendered":"<p>Pull oversized \u00e0 col rond, manches trois-quarts et bords c\u00f4tel\u00e9s, en coton \u00e9cru \u00e0 fines rayures vert bouteille.<\/p>\n<ul>\n<li><b>Choisissez votre taille habituelle pour le rendu souhait\u00e9, ou une taille en-dessous pour un style plus ajust\u00e9.<\/b><\/li>\n<li>Coupe oversized : Coupe volontairement ample pour un effet volumineux.<\/li>\n<li>Col rond \u00e0 double bords c\u00f4tel\u00e9s<\/li>\n<li>Manches raglan 3\/4<\/li>\n<li>Maille douce<\/li>\n<li>Bords c\u00f4tel\u00e9s doubles<\/li>\n<li>Enti\u00e8rement fa\u00e7onn\u00e9<\/li>\n<li>Rayures \u00e9cru et vert bouteille<\/li>\n<li>D\u00e9tails contrast\u00e9s moutarde au col et \u00e0 l&#8217;ourlet<\/li>\n<li>Jauge fine<\/li>\n<\/ul>\n","protected":false},"excerpt":{"rendered":"<p>Pull oversized \u00e0 col rond, manches trois-quarts et bords c\u00f4tel\u00e9s, en coton \u00e9cru \u00e0 fines rayures vert bouteille. Choisissez votre taille habituelle pour le rendu souhait\u00e9, ou une taille en-dessous pour un style plus ajust\u00e9. Coupe oversized : Coupe volontairement ample pour un effet volumineux. Col rond \u00e0 double bords c\u00f4tel\u00e9s Manches raglan 3\/4 Maille [&hellip;]<\/p>\n","protected":false},"featured_media":4098849,"comment_status":"open","ping_status":"closed","template":"","meta":[],"product_brand":[2529],"product_cat":[],"product_tag":[],"acf":[],"_links":{"self":[{"href":"https:\/\/streetmarkets.fr\/app\/wp-json\/wp\/v2\/product\/4048315"}],"collection":[{"href":"https:\/\/streetmarkets.fr\/app\/wp-json\/wp\/v2\/product"}],"about":[{"href":"https:\/\/streetmarkets.fr\/app\/wp-json\/wp\/v2\/types\/product"}],"replies":[{"embeddable":true,"href":"https:\/\/streetmarkets.fr\/app\/wp-json\/wp\/v2\/comments?post=4048315"}],"wp:featuredmedia":[{"embeddable":true,"href":"https:\/\/streetmarkets.fr\/app\/wp-json\/wp\/v2\/media\/4098849"}],"wp:attachment":[{"href":"https:\/\/streetmarkets.fr\/app\/wp-json\/wp\/v2\/media?parent=4048315"}],"wp:term":[{"taxonomy":"product_brand","embeddable":true,"href":"https:\/\/streetmarkets.fr\/app\/wp-json\/wp\/v2\/product_brand?post=4048315"},{"taxonomy":"product_cat","embeddable":true,"href":"https:\/\/streetmarkets.fr\/app\/wp-json\/wp\/v2\/product_cat?post=4048315"},{"taxonomy":"product_tag","embeddable":true,"href":"https:\/\/streetmarkets.fr\/app\/wp-json\/wp\/v2\/product_tag?post=4048315"}],"curies":[{"name":"wp","href":"https:\/\/api.w.org\/{rel}","templated":true}]}}