{"id":4048222,"date":"2026-04-30T02:27:25","date_gmt":"2026-04-30T00:27:25","guid":{"rendered":"https:\/\/streetmarkets.fr\/app\/produit\/t-shirt-a-manches-longues-mendy-261-w-h-grey\/"},"modified":"2026-05-06T02:28:37","modified_gmt":"2026-05-06T00:28:37","slug":"t-shirt-a-manches-longues-mendy-261-w-h-grey","status":"publish","type":"product","link":"https:\/\/streetmarkets.fr\/app\/produit\/t-shirt-a-manches-longues-mendy-261-w-h-grey\/","title":{"rendered":"T-shirt \u00e0 manches longues Mendy (261 \/ W \/ H. GREY)"},"content":{"rendered":"<p>T-shirt slim \u00e0 col rond en jersey gris chin\u00e9, coupe droite, avec couture centrale sur le devant et finitions minimalistes.<\/p>\n<ul>\n<li>Coupe slim<\/li>\n<li>Col rond<\/li>\n<li>Manches longues<\/li>\n<li>D\u00e9tail de couture centrale sur le devant <\/li>\n<li>D\u00e9tail de couture sur le haut du dos<\/li>\n<li>Ourlet droit<\/li>\n<\/ul>\n","protected":false},"excerpt":{"rendered":"<p>T-shirt slim \u00e0 col rond en jersey gris chin\u00e9, coupe droite, avec couture centrale sur le devant et finitions minimalistes. Coupe slim Col rond Manches longues D\u00e9tail de couture centrale sur le devant D\u00e9tail de couture sur le haut du dos Ourlet droit<\/p>\n","protected":false},"featured_media":4087587,"comment_status":"open","ping_status":"closed","template":"","meta":[],"product_brand":[2529],"product_cat":[],"product_tag":[],"acf":[],"_links":{"self":[{"href":"https:\/\/streetmarkets.fr\/app\/wp-json\/wp\/v2\/product\/4048222"}],"collection":[{"href":"https:\/\/streetmarkets.fr\/app\/wp-json\/wp\/v2\/product"}],"about":[{"href":"https:\/\/streetmarkets.fr\/app\/wp-json\/wp\/v2\/types\/product"}],"replies":[{"embeddable":true,"href":"https:\/\/streetmarkets.fr\/app\/wp-json\/wp\/v2\/comments?post=4048222"}],"wp:featuredmedia":[{"embeddable":true,"href":"https:\/\/streetmarkets.fr\/app\/wp-json\/wp\/v2\/media\/4087587"}],"wp:attachment":[{"href":"https:\/\/streetmarkets.fr\/app\/wp-json\/wp\/v2\/media?parent=4048222"}],"wp:term":[{"taxonomy":"product_brand","embeddable":true,"href":"https:\/\/streetmarkets.fr\/app\/wp-json\/wp\/v2\/product_brand?post=4048222"},{"taxonomy":"product_cat","embeddable":true,"href":"https:\/\/streetmarkets.fr\/app\/wp-json\/wp\/v2\/product_cat?post=4048222"},{"taxonomy":"product_tag","embeddable":true,"href":"https:\/\/streetmarkets.fr\/app\/wp-json\/wp\/v2\/product_tag?post=4048222"}],"curies":[{"name":"wp","href":"https:\/\/api.w.org\/{rel}","templated":true}]}}