{"id":4048211,"date":"2026-04-30T02:27:24","date_gmt":"2026-04-30T00:27:24","guid":{"rendered":"https:\/\/streetmarkets.fr\/app\/produit\/t-shirt-a-manches-longues-franto-261-w-off-white\/"},"modified":"2026-05-06T02:28:37","modified_gmt":"2026-05-06T00:28:37","slug":"t-shirt-a-manches-longues-franto-261-w-off-white","status":"publish","type":"product","link":"https:\/\/streetmarkets.fr\/app\/produit\/t-shirt-a-manches-longues-franto-261-w-off-white\/","title":{"rendered":"T-shirt \u00e0 manches longues Franto (261 \/ W \/ OFF WHITE)"},"content":{"rendered":"<p>T-shirt oversized cropped \u00e0 manches longues, en jersey de coton blanc cass\u00e9, avec finitions brutes.<\/p>\n<ul>\n<li>Coupe oversized : Choisissez votre taille habituelle pour le rendu souhait\u00e9, ou une taille en-dessous pour un style plus ajust\u00e9.<\/li>\n<li>Coupe cropped<\/li>\n<li>Col rond<\/li>\n<li>Manches longues<\/li>\n<li>Tissu de poids moyen<\/li>\n<li>Jersey de coton blanc cass\u00e9<\/li>\n<\/ul>\n","protected":false},"excerpt":{"rendered":"<p>T-shirt oversized cropped \u00e0 manches longues, en jersey de coton blanc cass\u00e9, avec finitions brutes. Coupe oversized : Choisissez votre taille habituelle pour le rendu souhait\u00e9, ou une taille en-dessous pour un style plus ajust\u00e9. Coupe cropped Col rond Manches longues Tissu de poids moyen Jersey de coton blanc cass\u00e9<\/p>\n","protected":false},"featured_media":4087580,"comment_status":"open","ping_status":"closed","template":"","meta":[],"product_brand":[2529],"product_cat":[],"product_tag":[],"acf":[],"_links":{"self":[{"href":"https:\/\/streetmarkets.fr\/app\/wp-json\/wp\/v2\/product\/4048211"}],"collection":[{"href":"https:\/\/streetmarkets.fr\/app\/wp-json\/wp\/v2\/product"}],"about":[{"href":"https:\/\/streetmarkets.fr\/app\/wp-json\/wp\/v2\/types\/product"}],"replies":[{"embeddable":true,"href":"https:\/\/streetmarkets.fr\/app\/wp-json\/wp\/v2\/comments?post=4048211"}],"wp:featuredmedia":[{"embeddable":true,"href":"https:\/\/streetmarkets.fr\/app\/wp-json\/wp\/v2\/media\/4087580"}],"wp:attachment":[{"href":"https:\/\/streetmarkets.fr\/app\/wp-json\/wp\/v2\/media?parent=4048211"}],"wp:term":[{"taxonomy":"product_brand","embeddable":true,"href":"https:\/\/streetmarkets.fr\/app\/wp-json\/wp\/v2\/product_brand?post=4048211"},{"taxonomy":"product_cat","embeddable":true,"href":"https:\/\/streetmarkets.fr\/app\/wp-json\/wp\/v2\/product_cat?post=4048211"},{"taxonomy":"product_tag","embeddable":true,"href":"https:\/\/streetmarkets.fr\/app\/wp-json\/wp\/v2\/product_tag?post=4048211"}],"curies":[{"name":"wp","href":"https:\/\/api.w.org\/{rel}","templated":true}]}}