{"id":4048132,"date":"2026-04-30T02:27:17","date_gmt":"2026-04-30T00:27:17","guid":{"rendered":"https:\/\/streetmarkets.fr\/app\/produit\/boston-en-daim-pour-femme-252-w-kaki\/"},"modified":"2026-05-09T02:38:15","modified_gmt":"2026-05-09T00:38:15","slug":"boston-en-daim-pour-femme-252-w-kaki","status":"publish","type":"product","link":"https:\/\/streetmarkets.fr\/app\/produit\/boston-en-daim-pour-femme-252-w-kaki\/","title":{"rendered":"Boston en Daim pour Femme (252 \/ W \/ KAKI)"},"content":{"rendered":"<p>Les sabots Boston en daim de Birkenstock sont dot\u00e9s d&#8217;une tige en daim souple, d&#8217;une bride r\u00e9glable avec boucle \u00e0 ardillon en m\u00e9tal, d&#8217;une doublure en daim, d&#8217;un lit de pied en li\u00e8ge et d&#8217;une semelle ext\u00e9rieure en caoutchouc et EVA.<\/p>\n<ul>\n<li>Chaussant \u00e9troit<\/li>\n<li>Mod\u00e8le\u00a0: 1024714<\/li>\n<li>Couleur\u00a0: Thym<\/li>\n<\/ul>\n","protected":false},"excerpt":{"rendered":"<p>Les sabots Boston en daim de Birkenstock sont dot\u00e9s d&#8217;une tige en daim souple, d&#8217;une bride r\u00e9glable avec boucle \u00e0 ardillon en m\u00e9tal, d&#8217;une doublure en daim, d&#8217;un lit de pied en li\u00e8ge et d&#8217;une semelle ext\u00e9rieure en caoutchouc et EVA. Chaussant \u00e9troit Mod\u00e8le\u00a0: 1024714 Couleur\u00a0: Thym<\/p>\n","protected":false},"featured_media":4104299,"comment_status":"open","ping_status":"closed","template":"","meta":[],"product_brand":[],"product_cat":[],"product_tag":[],"acf":[],"_links":{"self":[{"href":"https:\/\/streetmarkets.fr\/app\/wp-json\/wp\/v2\/product\/4048132"}],"collection":[{"href":"https:\/\/streetmarkets.fr\/app\/wp-json\/wp\/v2\/product"}],"about":[{"href":"https:\/\/streetmarkets.fr\/app\/wp-json\/wp\/v2\/types\/product"}],"replies":[{"embeddable":true,"href":"https:\/\/streetmarkets.fr\/app\/wp-json\/wp\/v2\/comments?post=4048132"}],"wp:featuredmedia":[{"embeddable":true,"href":"https:\/\/streetmarkets.fr\/app\/wp-json\/wp\/v2\/media\/4104299"}],"wp:attachment":[{"href":"https:\/\/streetmarkets.fr\/app\/wp-json\/wp\/v2\/media?parent=4048132"}],"wp:term":[{"taxonomy":"product_brand","embeddable":true,"href":"https:\/\/streetmarkets.fr\/app\/wp-json\/wp\/v2\/product_brand?post=4048132"},{"taxonomy":"product_cat","embeddable":true,"href":"https:\/\/streetmarkets.fr\/app\/wp-json\/wp\/v2\/product_cat?post=4048132"},{"taxonomy":"product_tag","embeddable":true,"href":"https:\/\/streetmarkets.fr\/app\/wp-json\/wp\/v2\/product_tag?post=4048132"}],"curies":[{"name":"wp","href":"https:\/\/api.w.org\/{rel}","templated":true}]}}