{"id":4048113,"date":"2026-04-30T02:27:15","date_gmt":"2026-04-30T00:27:15","guid":{"rendered":"https:\/\/streetmarkets.fr\/app\/produit\/arizona-semelle-souple-pour-homme-252-g-brown\/"},"modified":"2026-05-09T02:38:15","modified_gmt":"2026-05-09T00:38:15","slug":"arizona-semelle-souple-pour-homme-252-g-brown","status":"publish","type":"product","link":"https:\/\/streetmarkets.fr\/app\/produit\/arizona-semelle-souple-pour-homme-252-g-brown\/","title":{"rendered":"Arizona Semelle Souple pour Homme (252 \/ G \/ BROWN)"},"content":{"rendered":"<p>Les sandales Birkenstock Arizona Soft Footbed sont dot\u00e9es d&#8217;une tige en cuir velours et d&#8217;un lit de pied souple et rembourr\u00e9 qui offre un maintien sur mesure au fil des ports.<\/p>\n<ul>\n<li>Chaussant \u00e9troit<\/li>\n<li>Mod\u00e8le\u00a0: 1030865<\/li>\n<li>Couleur\u00a0: Dark Tea Tonal FB<\/li>\n<\/ul>\n","protected":false},"excerpt":{"rendered":"<p>Les sandales Birkenstock Arizona Soft Footbed sont dot\u00e9es d&#8217;une tige en cuir velours et d&#8217;un lit de pied souple et rembourr\u00e9 qui offre un maintien sur mesure au fil des ports. Chaussant \u00e9troit Mod\u00e8le\u00a0: 1030865 Couleur\u00a0: Dark Tea Tonal FB<\/p>\n","protected":false},"featured_media":4104292,"comment_status":"open","ping_status":"closed","template":"","meta":[],"product_brand":[],"product_cat":[],"product_tag":[],"acf":[],"_links":{"self":[{"href":"https:\/\/streetmarkets.fr\/app\/wp-json\/wp\/v2\/product\/4048113"}],"collection":[{"href":"https:\/\/streetmarkets.fr\/app\/wp-json\/wp\/v2\/product"}],"about":[{"href":"https:\/\/streetmarkets.fr\/app\/wp-json\/wp\/v2\/types\/product"}],"replies":[{"embeddable":true,"href":"https:\/\/streetmarkets.fr\/app\/wp-json\/wp\/v2\/comments?post=4048113"}],"wp:featuredmedia":[{"embeddable":true,"href":"https:\/\/streetmarkets.fr\/app\/wp-json\/wp\/v2\/media\/4104292"}],"wp:attachment":[{"href":"https:\/\/streetmarkets.fr\/app\/wp-json\/wp\/v2\/media?parent=4048113"}],"wp:term":[{"taxonomy":"product_brand","embeddable":true,"href":"https:\/\/streetmarkets.fr\/app\/wp-json\/wp\/v2\/product_brand?post=4048113"},{"taxonomy":"product_cat","embeddable":true,"href":"https:\/\/streetmarkets.fr\/app\/wp-json\/wp\/v2\/product_cat?post=4048113"},{"taxonomy":"product_tag","embeddable":true,"href":"https:\/\/streetmarkets.fr\/app\/wp-json\/wp\/v2\/product_tag?post=4048113"}],"curies":[{"name":"wp","href":"https:\/\/api.w.org\/{rel}","templated":true}]}}