{"id":4048075,"date":"2026-04-30T02:27:02","date_gmt":"2026-04-30T00:27:02","guid":{"rendered":"https:\/\/streetmarkets.fr\/app\/produit\/ceinture-elastique-noire-viba-252-w-black\/"},"modified":"2026-05-16T02:29:07","modified_gmt":"2026-05-16T00:29:07","slug":"ceinture-elastique-noire-viba-252-w-black","status":"publish","type":"product","link":"https:\/\/streetmarkets.fr\/app\/produit\/ceinture-elastique-noire-viba-252-w-black\/","title":{"rendered":"Ceinture \u00e9lastique noire Viba (252 \/ W \/ BLACK)"},"content":{"rendered":"<p>Ceinture \u00e9lastique noire avec logo et boucle argent\u00e9e.<\/p>\n<ul>\n<li>Logo sur la sangle \u00e9lastique<\/li>\n<li>Boucle argent\u00e9e<\/li>\n<li>R\u00e9glable (taille unique)<\/li>\n<li>Largeur : 3.5 cm<\/li>\n<\/ul>\n","protected":false},"excerpt":{"rendered":"<p>Ceinture \u00e9lastique noire avec logo et boucle argent\u00e9e. Logo sur la sangle \u00e9lastique Boucle argent\u00e9e R\u00e9glable (taille unique) Largeur : 3.5 cm<\/p>\n","protected":false},"featured_media":4142529,"comment_status":"open","ping_status":"closed","template":"","meta":[],"product_brand":[2529],"product_cat":[],"product_tag":[],"acf":[],"_links":{"self":[{"href":"https:\/\/streetmarkets.fr\/app\/wp-json\/wp\/v2\/product\/4048075"}],"collection":[{"href":"https:\/\/streetmarkets.fr\/app\/wp-json\/wp\/v2\/product"}],"about":[{"href":"https:\/\/streetmarkets.fr\/app\/wp-json\/wp\/v2\/types\/product"}],"replies":[{"embeddable":true,"href":"https:\/\/streetmarkets.fr\/app\/wp-json\/wp\/v2\/comments?post=4048075"}],"wp:featuredmedia":[{"embeddable":true,"href":"https:\/\/streetmarkets.fr\/app\/wp-json\/wp\/v2\/media\/4142529"}],"wp:attachment":[{"href":"https:\/\/streetmarkets.fr\/app\/wp-json\/wp\/v2\/media?parent=4048075"}],"wp:term":[{"taxonomy":"product_brand","embeddable":true,"href":"https:\/\/streetmarkets.fr\/app\/wp-json\/wp\/v2\/product_brand?post=4048075"},{"taxonomy":"product_cat","embeddable":true,"href":"https:\/\/streetmarkets.fr\/app\/wp-json\/wp\/v2\/product_cat?post=4048075"},{"taxonomy":"product_tag","embeddable":true,"href":"https:\/\/streetmarkets.fr\/app\/wp-json\/wp\/v2\/product_tag?post=4048075"}],"curies":[{"name":"wp","href":"https:\/\/api.w.org\/{rel}","templated":true}]}}