{"id":4048065,"date":"2026-04-30T02:27:02","date_gmt":"2026-04-30T00:27:02","guid":{"rendered":"https:\/\/streetmarkets.fr\/app\/produit\/porte-cles-logo-bellerose-noir-sokey-252-w-black\/"},"modified":"2026-05-06T02:27:45","modified_gmt":"2026-05-06T00:27:45","slug":"porte-cles-logo-bellerose-noir-sokey-252-w-black","status":"publish","type":"product","link":"https:\/\/streetmarkets.fr\/app\/produit\/porte-cles-logo-bellerose-noir-sokey-252-w-black\/","title":{"rendered":"Porte-cl\u00e9s logo Bellerose noir Sokey (252 \/ W \/ BLACK)"},"content":{"rendered":"<p>Porte-cl\u00e9s avec une longue lani\u00e8re noire et le logo Bellerose, et des finitions m\u00e9talis\u00e9es.<\/p>\n<ul>\n<li>Mousqueton argent\u00e9 et anneau en O<\/li>\n<li>Bordure en cuir<\/li>\n<li>Dimensions : 45 x 2,5 cm<\/li>\n<\/ul>\n","protected":false},"excerpt":{"rendered":"<p>Porte-cl\u00e9s avec une longue lani\u00e8re noire et le logo Bellerose, et des finitions m\u00e9talis\u00e9es. Mousqueton argent\u00e9 et anneau en O Bordure en cuir Dimensions : 45 x 2,5 cm<\/p>\n","protected":false},"featured_media":4087501,"comment_status":"open","ping_status":"closed","template":"","meta":[],"product_brand":[2529],"product_cat":[],"product_tag":[],"acf":[],"_links":{"self":[{"href":"https:\/\/streetmarkets.fr\/app\/wp-json\/wp\/v2\/product\/4048065"}],"collection":[{"href":"https:\/\/streetmarkets.fr\/app\/wp-json\/wp\/v2\/product"}],"about":[{"href":"https:\/\/streetmarkets.fr\/app\/wp-json\/wp\/v2\/types\/product"}],"replies":[{"embeddable":true,"href":"https:\/\/streetmarkets.fr\/app\/wp-json\/wp\/v2\/comments?post=4048065"}],"wp:featuredmedia":[{"embeddable":true,"href":"https:\/\/streetmarkets.fr\/app\/wp-json\/wp\/v2\/media\/4087501"}],"wp:attachment":[{"href":"https:\/\/streetmarkets.fr\/app\/wp-json\/wp\/v2\/media?parent=4048065"}],"wp:term":[{"taxonomy":"product_brand","embeddable":true,"href":"https:\/\/streetmarkets.fr\/app\/wp-json\/wp\/v2\/product_brand?post=4048065"},{"taxonomy":"product_cat","embeddable":true,"href":"https:\/\/streetmarkets.fr\/app\/wp-json\/wp\/v2\/product_cat?post=4048065"},{"taxonomy":"product_tag","embeddable":true,"href":"https:\/\/streetmarkets.fr\/app\/wp-json\/wp\/v2\/product_tag?post=4048065"}],"curies":[{"name":"wp","href":"https:\/\/api.w.org\/{rel}","templated":true}]}}