{"id":4048030,"date":"2026-04-30T02:27:00","date_gmt":"2026-04-30T00:27:00","guid":{"rendered":"https:\/\/streetmarkets.fr\/app\/produit\/sangle-reglable-sogo-252-w-bordeaux\/"},"modified":"2026-05-14T02:27:58","modified_gmt":"2026-05-14T00:27:58","slug":"sangle-reglable-sogo-252-w-bordeaux","status":"publish","type":"product","link":"https:\/\/streetmarkets.fr\/app\/produit\/sangle-reglable-sogo-252-w-bordeaux\/","title":{"rendered":"Sangle r\u00e9glable Sogo (252 \/ W \/ BORDEAUX)"},"content":{"rendered":"<p>Sangle r\u00e9glable en tissu bordeaux avec attaches en m\u00e9tal argent\u00e9.<\/p>\n<ul>\n<li>Attaches en m\u00e9tal argent\u00e9<\/li>\n<li>Crochets de fermeture des deux c\u00f4t\u00e9s<\/li>\n<li>Anneau en D suppl\u00e9mentaire pour accrocher des cl\u00e9s, un Rosike&#8230;<\/li>\n<li>Longueur totale (r\u00e9glable) : 130cm<\/li>\n<li>Largeur : 3cm<\/li>\n<\/ul>\n","protected":false},"excerpt":{"rendered":"<p>Sangle r\u00e9glable en tissu bordeaux avec attaches en m\u00e9tal argent\u00e9. Attaches en m\u00e9tal argent\u00e9 Crochets de fermeture des deux c\u00f4t\u00e9s Anneau en D suppl\u00e9mentaire pour accrocher des cl\u00e9s, un Rosike&#8230; Longueur totale (r\u00e9glable) : 130cm Largeur : 3cm<\/p>\n","protected":false},"featured_media":4131569,"comment_status":"open","ping_status":"closed","template":"","meta":[],"product_brand":[2529],"product_cat":[],"product_tag":[],"acf":[],"_links":{"self":[{"href":"https:\/\/streetmarkets.fr\/app\/wp-json\/wp\/v2\/product\/4048030"}],"collection":[{"href":"https:\/\/streetmarkets.fr\/app\/wp-json\/wp\/v2\/product"}],"about":[{"href":"https:\/\/streetmarkets.fr\/app\/wp-json\/wp\/v2\/types\/product"}],"replies":[{"embeddable":true,"href":"https:\/\/streetmarkets.fr\/app\/wp-json\/wp\/v2\/comments?post=4048030"}],"wp:featuredmedia":[{"embeddable":true,"href":"https:\/\/streetmarkets.fr\/app\/wp-json\/wp\/v2\/media\/4131569"}],"wp:attachment":[{"href":"https:\/\/streetmarkets.fr\/app\/wp-json\/wp\/v2\/media?parent=4048030"}],"wp:term":[{"taxonomy":"product_brand","embeddable":true,"href":"https:\/\/streetmarkets.fr\/app\/wp-json\/wp\/v2\/product_brand?post=4048030"},{"taxonomy":"product_cat","embeddable":true,"href":"https:\/\/streetmarkets.fr\/app\/wp-json\/wp\/v2\/product_cat?post=4048030"},{"taxonomy":"product_tag","embeddable":true,"href":"https:\/\/streetmarkets.fr\/app\/wp-json\/wp\/v2\/product_tag?post=4048030"}],"curies":[{"name":"wp","href":"https:\/\/api.w.org\/{rel}","templated":true}]}}