{"id":4047987,"date":"2026-04-30T02:26:57","date_gmt":"2026-04-30T00:26:57","guid":{"rendered":"https:\/\/streetmarkets.fr\/app\/produit\/boston-soft-footbed-pour-homme-252-m-brown\/"},"modified":"2026-05-14T02:27:58","modified_gmt":"2026-05-14T00:27:58","slug":"boston-soft-footbed-pour-homme-252-m-brown","status":"publish","type":"product","link":"https:\/\/streetmarkets.fr\/app\/produit\/boston-soft-footbed-pour-homme-252-m-brown\/","title":{"rendered":"Boston Soft Footbed pour Homme (252 \/ M \/ BROWN)"},"content":{"rendered":"<p>Les sabots Birkenstock Boston Soft Footbed sont dot\u00e9s d&#8217;une tige en cuir su\u00e8de et d&#8217;une assise plantaire souple et matelass\u00e9e qui cr\u00e9e un soutien personnalis\u00e9 au fur et \u00e0 mesure de l&#8217;usure.<\/p>\n<ul>\n<li>Coupe \u00e9troite<\/li>\n<li>Mod\u00e8le : 1030861<\/li>\n<li>Couleur : Dark Tea Tonal FB<\/li>\n<\/ul>\n","protected":false},"excerpt":{"rendered":"<p>Les sabots Birkenstock Boston Soft Footbed sont dot\u00e9s d&#8217;une tige en cuir su\u00e8de et d&#8217;une assise plantaire souple et matelass\u00e9e qui cr\u00e9e un soutien personnalis\u00e9 au fur et \u00e0 mesure de l&#8217;usure. Coupe \u00e9troite Mod\u00e8le : 1030861 Couleur : Dark Tea Tonal FB<\/p>\n","protected":false},"featured_media":4131541,"comment_status":"open","ping_status":"closed","template":"","meta":[],"product_brand":[],"product_cat":[],"product_tag":[],"acf":[],"_links":{"self":[{"href":"https:\/\/streetmarkets.fr\/app\/wp-json\/wp\/v2\/product\/4047987"}],"collection":[{"href":"https:\/\/streetmarkets.fr\/app\/wp-json\/wp\/v2\/product"}],"about":[{"href":"https:\/\/streetmarkets.fr\/app\/wp-json\/wp\/v2\/types\/product"}],"replies":[{"embeddable":true,"href":"https:\/\/streetmarkets.fr\/app\/wp-json\/wp\/v2\/comments?post=4047987"}],"wp:featuredmedia":[{"embeddable":true,"href":"https:\/\/streetmarkets.fr\/app\/wp-json\/wp\/v2\/media\/4131541"}],"wp:attachment":[{"href":"https:\/\/streetmarkets.fr\/app\/wp-json\/wp\/v2\/media?parent=4047987"}],"wp:term":[{"taxonomy":"product_brand","embeddable":true,"href":"https:\/\/streetmarkets.fr\/app\/wp-json\/wp\/v2\/product_brand?post=4047987"},{"taxonomy":"product_cat","embeddable":true,"href":"https:\/\/streetmarkets.fr\/app\/wp-json\/wp\/v2\/product_cat?post=4047987"},{"taxonomy":"product_tag","embeddable":true,"href":"https:\/\/streetmarkets.fr\/app\/wp-json\/wp\/v2\/product_tag?post=4047987"}],"curies":[{"name":"wp","href":"https:\/\/api.w.org\/{rel}","templated":true}]}}