{"id":4047932,"date":"2026-04-30T02:26:53","date_gmt":"2026-04-30T00:26:53","guid":{"rendered":"https:\/\/streetmarkets.fr\/app\/produit\/chaussettes-vanmo-252-w-olive-night\/"},"modified":"2026-05-03T02:28:09","modified_gmt":"2026-05-03T00:28:09","slug":"chaussettes-vanmo-252-w-olive-night","status":"publish","type":"product","link":"https:\/\/streetmarkets.fr\/app\/produit\/chaussettes-vanmo-252-w-olive-night\/","title":{"rendered":"Chaussettes Vanmo (252 \/ W \/ OLIVE NIGHT)"},"content":{"rendered":"<p>Chaussettes c\u00f4tel\u00e9es en vert kaki avec des rayures blanches et le logo Bellerose sur la cheville et la semelle.<\/p>\n<ul>\n<li>Longueur mi-mollet<\/li>\n<li>Vert kaki avec d\u00e9tails de rayures blanches<\/li>\n<li>Logo Bellerose sur la cheville et la semelle<\/li>\n<li>Texture c\u00f4tel\u00e9e de poids moyen<\/li>\n<\/ul>\n","protected":false},"excerpt":{"rendered":"<p>Chaussettes c\u00f4tel\u00e9es en vert kaki avec des rayures blanches et le logo Bellerose sur la cheville et la semelle. Longueur mi-mollet Vert kaki avec d\u00e9tails de rayures blanches Logo Bellerose sur la cheville et la semelle Texture c\u00f4tel\u00e9e de poids moyen<\/p>\n","protected":false},"featured_media":4068950,"comment_status":"open","ping_status":"closed","template":"","meta":[],"product_brand":[2529],"product_cat":[],"product_tag":[],"acf":[],"_links":{"self":[{"href":"https:\/\/streetmarkets.fr\/app\/wp-json\/wp\/v2\/product\/4047932"}],"collection":[{"href":"https:\/\/streetmarkets.fr\/app\/wp-json\/wp\/v2\/product"}],"about":[{"href":"https:\/\/streetmarkets.fr\/app\/wp-json\/wp\/v2\/types\/product"}],"replies":[{"embeddable":true,"href":"https:\/\/streetmarkets.fr\/app\/wp-json\/wp\/v2\/comments?post=4047932"}],"wp:featuredmedia":[{"embeddable":true,"href":"https:\/\/streetmarkets.fr\/app\/wp-json\/wp\/v2\/media\/4068950"}],"wp:attachment":[{"href":"https:\/\/streetmarkets.fr\/app\/wp-json\/wp\/v2\/media?parent=4047932"}],"wp:term":[{"taxonomy":"product_brand","embeddable":true,"href":"https:\/\/streetmarkets.fr\/app\/wp-json\/wp\/v2\/product_brand?post=4047932"},{"taxonomy":"product_cat","embeddable":true,"href":"https:\/\/streetmarkets.fr\/app\/wp-json\/wp\/v2\/product_cat?post=4047932"},{"taxonomy":"product_tag","embeddable":true,"href":"https:\/\/streetmarkets.fr\/app\/wp-json\/wp\/v2\/product_tag?post=4047932"}],"curies":[{"name":"wp","href":"https:\/\/api.w.org\/{rel}","templated":true}]}}