{"id":4047902,"date":"2026-04-30T02:26:50","date_gmt":"2026-04-30T00:26:50","guid":{"rendered":"https:\/\/streetmarkets.fr\/app\/produit\/740-pour-homme-252-m-white\/"},"modified":"2026-05-12T02:28:01","modified_gmt":"2026-05-12T00:28:01","slug":"740-pour-homme-252-m-white","status":"publish","type":"product","link":"https:\/\/streetmarkets.fr\/app\/produit\/740-pour-homme-252-m-white\/","title":{"rendered":"740 pour Homme (252 \/ M \/ WHITE)"},"content":{"rendered":"<p>La basket de running New Balance 740 pr\u00e9sente une empeigne en mesh respirant avec des empi\u00e8cements synth\u00e9tiques, une semelle interm\u00e9diaire segment\u00e9e et une silhouette \u00e9pur\u00e9e.<\/p>\n<ul>\n<li>Tailles unisexes : pour une coupe ajust\u00e9e, choisissez une taille en dessous. Pour une coupe ample, choisissez une taille au-dessus.<\/li>\n<li>Style : U740WN2<\/li>\n<li>Couleur : Bleu marine NB avec blanc et gris ombre<\/li>\n<\/ul>\n","protected":false},"excerpt":{"rendered":"<p>La basket de running New Balance 740 pr\u00e9sente une empeigne en mesh respirant avec des empi\u00e8cements synth\u00e9tiques, une semelle interm\u00e9diaire segment\u00e9e et une silhouette \u00e9pur\u00e9e. Tailles unisexes : pour une coupe ajust\u00e9e, choisissez une taille en dessous. Pour une coupe ample, choisissez une taille au-dessus. Style : U740WN2 Couleur : Bleu marine NB avec blanc [&hellip;]<\/p>\n","protected":false},"featured_media":4120091,"comment_status":"open","ping_status":"closed","template":"","meta":[],"product_brand":[7132],"product_cat":[],"product_tag":[],"acf":[],"_links":{"self":[{"href":"https:\/\/streetmarkets.fr\/app\/wp-json\/wp\/v2\/product\/4047902"}],"collection":[{"href":"https:\/\/streetmarkets.fr\/app\/wp-json\/wp\/v2\/product"}],"about":[{"href":"https:\/\/streetmarkets.fr\/app\/wp-json\/wp\/v2\/types\/product"}],"replies":[{"embeddable":true,"href":"https:\/\/streetmarkets.fr\/app\/wp-json\/wp\/v2\/comments?post=4047902"}],"wp:featuredmedia":[{"embeddable":true,"href":"https:\/\/streetmarkets.fr\/app\/wp-json\/wp\/v2\/media\/4120091"}],"wp:attachment":[{"href":"https:\/\/streetmarkets.fr\/app\/wp-json\/wp\/v2\/media?parent=4047902"}],"wp:term":[{"taxonomy":"product_brand","embeddable":true,"href":"https:\/\/streetmarkets.fr\/app\/wp-json\/wp\/v2\/product_brand?post=4047902"},{"taxonomy":"product_cat","embeddable":true,"href":"https:\/\/streetmarkets.fr\/app\/wp-json\/wp\/v2\/product_cat?post=4047902"},{"taxonomy":"product_tag","embeddable":true,"href":"https:\/\/streetmarkets.fr\/app\/wp-json\/wp\/v2\/product_tag?post=4047902"}],"curies":[{"name":"wp","href":"https:\/\/api.w.org\/{rel}","templated":true}]}}