{"id":4047889,"date":"2026-04-30T02:26:49","date_gmt":"2026-04-30T00:26:49","guid":{"rendered":"https:\/\/streetmarkets.fr\/app\/produit\/t-shirt-a-manches-courtes-vouch-252-m-off-white\/"},"modified":"2026-05-07T02:28:03","modified_gmt":"2026-05-07T00:28:03","slug":"t-shirt-a-manches-courtes-vouch-252-m-off-white","status":"publish","type":"product","link":"https:\/\/streetmarkets.fr\/app\/produit\/t-shirt-a-manches-courtes-vouch-252-m-off-white\/","title":{"rendered":"T-shirt \u00e0 manches courtes Vouch (252 \/ M \/ OFF WHITE)"},"content":{"rendered":"<p>T-shirt d\u00e9contract\u00e9 \u00e0 col rond et manches courtes, r\u00e9alis\u00e9 en jersey de coton blanc cass\u00e9.<\/p>\n<ul>\n<li>Coupe d\u00e9contract\u00e9e<\/li>\n<li>Col rond c\u00f4tel\u00e9<\/li>\n<li>Manches courtes<\/li>\n<li>Jersey de poids moyen<\/li>\n<\/ul>\n","protected":false},"excerpt":{"rendered":"<p>T-shirt d\u00e9contract\u00e9 \u00e0 col rond et manches courtes, r\u00e9alis\u00e9 en jersey de coton blanc cass\u00e9. Coupe d\u00e9contract\u00e9e Col rond c\u00f4tel\u00e9 Manches courtes Jersey de poids moyen<\/p>\n","protected":false},"featured_media":4092765,"comment_status":"open","ping_status":"closed","template":"","meta":[],"product_brand":[2529],"product_cat":[],"product_tag":[],"acf":[],"_links":{"self":[{"href":"https:\/\/streetmarkets.fr\/app\/wp-json\/wp\/v2\/product\/4047889"}],"collection":[{"href":"https:\/\/streetmarkets.fr\/app\/wp-json\/wp\/v2\/product"}],"about":[{"href":"https:\/\/streetmarkets.fr\/app\/wp-json\/wp\/v2\/types\/product"}],"replies":[{"embeddable":true,"href":"https:\/\/streetmarkets.fr\/app\/wp-json\/wp\/v2\/comments?post=4047889"}],"wp:featuredmedia":[{"embeddable":true,"href":"https:\/\/streetmarkets.fr\/app\/wp-json\/wp\/v2\/media\/4092765"}],"wp:attachment":[{"href":"https:\/\/streetmarkets.fr\/app\/wp-json\/wp\/v2\/media?parent=4047889"}],"wp:term":[{"taxonomy":"product_brand","embeddable":true,"href":"https:\/\/streetmarkets.fr\/app\/wp-json\/wp\/v2\/product_brand?post=4047889"},{"taxonomy":"product_cat","embeddable":true,"href":"https:\/\/streetmarkets.fr\/app\/wp-json\/wp\/v2\/product_cat?post=4047889"},{"taxonomy":"product_tag","embeddable":true,"href":"https:\/\/streetmarkets.fr\/app\/wp-json\/wp\/v2\/product_tag?post=4047889"}],"curies":[{"name":"wp","href":"https:\/\/api.w.org\/{rel}","templated":true}]}}