{"id":4047867,"date":"2026-04-30T02:26:47","date_gmt":"2026-04-30T00:26:47","guid":{"rendered":"https:\/\/streetmarkets.fr\/app\/produit\/pull-col-rond-spanne-252-w-light-grey\/"},"modified":"2026-05-08T02:37:24","modified_gmt":"2026-05-08T00:37:24","slug":"pull-col-rond-spanne-252-w-light-grey","status":"publish","type":"product","link":"https:\/\/streetmarkets.fr\/app\/produit\/pull-col-rond-spanne-252-w-light-grey\/","title":{"rendered":"Pull col rond Spanne (252 \/ W \/ LIGHT GREY)"},"content":{"rendered":"<p>Pull oversize \u00e0 col rond, manches longues et bords c\u00f4tes en m\u00e9lange de laine et cachemire gris clair.<\/p>\n<ul>\n<li><strong>Choisissez votre taille habituelle pour le look oversize ou optez pour une taille en dessous pour un style plus ajust\u00e9.<\/strong><\/li>\n<li>Coupe oversize : Coupe volontairement ample pour un effet volumineux.  <\/li>\n<li>Encolure ronde large en double c\u00f4tes<\/li>\n<li>Manches longues raglan<\/li>\n<li>Tricot doux<\/li>\n<li>Bords c\u00f4tes<\/li>\n<li>Enti\u00e8rement fa\u00e7onn\u00e9<\/li>\n<li>Jauge fine<\/li>\n<\/ul>\n","protected":false},"excerpt":{"rendered":"<p>Pull oversize \u00e0 col rond, manches longues et bords c\u00f4tes en m\u00e9lange de laine et cachemire gris clair. Choisissez votre taille habituelle pour le look oversize ou optez pour une taille en dessous pour un style plus ajust\u00e9. Coupe oversize : Coupe volontairement ample pour un effet volumineux. Encolure ronde large en double c\u00f4tes Manches [&hellip;]<\/p>\n","protected":false},"featured_media":4098602,"comment_status":"open","ping_status":"closed","template":"","meta":[],"product_brand":[2529],"product_cat":[],"product_tag":[],"acf":[],"_links":{"self":[{"href":"https:\/\/streetmarkets.fr\/app\/wp-json\/wp\/v2\/product\/4047867"}],"collection":[{"href":"https:\/\/streetmarkets.fr\/app\/wp-json\/wp\/v2\/product"}],"about":[{"href":"https:\/\/streetmarkets.fr\/app\/wp-json\/wp\/v2\/types\/product"}],"replies":[{"embeddable":true,"href":"https:\/\/streetmarkets.fr\/app\/wp-json\/wp\/v2\/comments?post=4047867"}],"wp:featuredmedia":[{"embeddable":true,"href":"https:\/\/streetmarkets.fr\/app\/wp-json\/wp\/v2\/media\/4098602"}],"wp:attachment":[{"href":"https:\/\/streetmarkets.fr\/app\/wp-json\/wp\/v2\/media?parent=4047867"}],"wp:term":[{"taxonomy":"product_brand","embeddable":true,"href":"https:\/\/streetmarkets.fr\/app\/wp-json\/wp\/v2\/product_brand?post=4047867"},{"taxonomy":"product_cat","embeddable":true,"href":"https:\/\/streetmarkets.fr\/app\/wp-json\/wp\/v2\/product_cat?post=4047867"},{"taxonomy":"product_tag","embeddable":true,"href":"https:\/\/streetmarkets.fr\/app\/wp-json\/wp\/v2\/product_tag?post=4047867"}],"curies":[{"name":"wp","href":"https:\/\/api.w.org\/{rel}","templated":true}]}}