{"id":4047856,"date":"2026-04-30T02:26:46","date_gmt":"2026-04-30T00:26:46","guid":{"rendered":"https:\/\/streetmarkets.fr\/app\/produit\/chemise-a-manches-courtes-cairn-252-w-blue-shirt\/"},"modified":"2026-05-08T02:37:24","modified_gmt":"2026-05-08T00:37:24","slug":"chemise-a-manches-courtes-cairn-252-w-blue-shirt","status":"publish","type":"product","link":"https:\/\/streetmarkets.fr\/app\/produit\/chemise-a-manches-courtes-cairn-252-w-blue-shirt\/","title":{"rendered":"Chemise \u00e0 manches courtes Cairn (252 \/ W \/ BLUE SHIRT)"},"content":{"rendered":"<p>Chemise oversize \u00e0 manches courtes en popeline de coton bleu clair.<\/p>\n<ul>\n<li>Coupe oversize : Choisissez votre taille habituelle pour le look voulu ou r\u00e9duisez la taille pour un style plus ajust\u00e9.<\/li>\n<li>\u00c9paules tombantes<\/li>\n<li>Manches courtes et fluides<\/li>\n<li>Col de chemise semi-ouvert<\/li>\n<li>Boutons en nacre<\/li>\n<li>Ourlet droit<\/li>\n<\/ul>\n","protected":false},"excerpt":{"rendered":"<p>Chemise oversize \u00e0 manches courtes en popeline de coton bleu clair. Coupe oversize : Choisissez votre taille habituelle pour le look voulu ou r\u00e9duisez la taille pour un style plus ajust\u00e9. \u00c9paules tombantes Manches courtes et fluides Col de chemise semi-ouvert Boutons en nacre Ourlet droit<\/p>\n","protected":false},"featured_media":4098595,"comment_status":"open","ping_status":"closed","template":"","meta":[],"product_brand":[2529],"product_cat":[],"product_tag":[],"acf":[],"_links":{"self":[{"href":"https:\/\/streetmarkets.fr\/app\/wp-json\/wp\/v2\/product\/4047856"}],"collection":[{"href":"https:\/\/streetmarkets.fr\/app\/wp-json\/wp\/v2\/product"}],"about":[{"href":"https:\/\/streetmarkets.fr\/app\/wp-json\/wp\/v2\/types\/product"}],"replies":[{"embeddable":true,"href":"https:\/\/streetmarkets.fr\/app\/wp-json\/wp\/v2\/comments?post=4047856"}],"wp:featuredmedia":[{"embeddable":true,"href":"https:\/\/streetmarkets.fr\/app\/wp-json\/wp\/v2\/media\/4098595"}],"wp:attachment":[{"href":"https:\/\/streetmarkets.fr\/app\/wp-json\/wp\/v2\/media?parent=4047856"}],"wp:term":[{"taxonomy":"product_brand","embeddable":true,"href":"https:\/\/streetmarkets.fr\/app\/wp-json\/wp\/v2\/product_brand?post=4047856"},{"taxonomy":"product_cat","embeddable":true,"href":"https:\/\/streetmarkets.fr\/app\/wp-json\/wp\/v2\/product_cat?post=4047856"},{"taxonomy":"product_tag","embeddable":true,"href":"https:\/\/streetmarkets.fr\/app\/wp-json\/wp\/v2\/product_tag?post=4047856"}],"curies":[{"name":"wp","href":"https:\/\/api.w.org\/{rel}","templated":true}]}}