{"id":4047830,"date":"2026-04-30T02:26:44","date_gmt":"2026-04-30T00:26:44","guid":{"rendered":"https:\/\/streetmarkets.fr\/app\/produit\/veste-bomber-herna-252-w-black-beauty\/"},"modified":"2026-05-12T02:28:01","modified_gmt":"2026-05-12T00:28:01","slug":"veste-bomber-herna-252-w-black-beauty","status":"publish","type":"product","link":"https:\/\/streetmarkets.fr\/app\/produit\/veste-bomber-herna-252-w-black-beauty\/","title":{"rendered":"Veste bomber Herna (252 \/ W \/ BLACK BEAUTY)"},"content":{"rendered":"<p>Veste bomber courte noire avec doublure en fausse fourrure rose, fermeture zipp\u00e9e et boutons pression sur le devant, col montant avec une capuche, poignets et ourlet ajust\u00e9s.<\/p>\n<ul>\n<li>Veste d\u00e9perlante<\/li>\n<li>Coupe d\u00e9contract\u00e9e et courte<\/li>\n<li>Col montant avec capuche<\/li>\n<li>Manches longues avec poignets \u00e9lastiques<\/li>\n<li>Doublure en fausse fourrure rose<\/li>\n<li>Fermeture \u00e9clair et boutons pression<\/li>\n<li>Poches zipp\u00e9es<\/li>\n<\/ul>\n","protected":false},"excerpt":{"rendered":"<p>Veste bomber courte noire avec doublure en fausse fourrure rose, fermeture zipp\u00e9e et boutons pression sur le devant, col montant avec une capuche, poignets et ourlet ajust\u00e9s. Veste d\u00e9perlante Coupe d\u00e9contract\u00e9e et courte Col montant avec capuche Manches longues avec poignets \u00e9lastiques Doublure en fausse fourrure rose Fermeture \u00e9clair et boutons pression Poches zipp\u00e9es<\/p>\n","protected":false},"featured_media":4120049,"comment_status":"open","ping_status":"closed","template":"","meta":[],"product_brand":[2529],"product_cat":[],"product_tag":[],"acf":[],"_links":{"self":[{"href":"https:\/\/streetmarkets.fr\/app\/wp-json\/wp\/v2\/product\/4047830"}],"collection":[{"href":"https:\/\/streetmarkets.fr\/app\/wp-json\/wp\/v2\/product"}],"about":[{"href":"https:\/\/streetmarkets.fr\/app\/wp-json\/wp\/v2\/types\/product"}],"replies":[{"embeddable":true,"href":"https:\/\/streetmarkets.fr\/app\/wp-json\/wp\/v2\/comments?post=4047830"}],"wp:featuredmedia":[{"embeddable":true,"href":"https:\/\/streetmarkets.fr\/app\/wp-json\/wp\/v2\/media\/4120049"}],"wp:attachment":[{"href":"https:\/\/streetmarkets.fr\/app\/wp-json\/wp\/v2\/media?parent=4047830"}],"wp:term":[{"taxonomy":"product_brand","embeddable":true,"href":"https:\/\/streetmarkets.fr\/app\/wp-json\/wp\/v2\/product_brand?post=4047830"},{"taxonomy":"product_cat","embeddable":true,"href":"https:\/\/streetmarkets.fr\/app\/wp-json\/wp\/v2\/product_cat?post=4047830"},{"taxonomy":"product_tag","embeddable":true,"href":"https:\/\/streetmarkets.fr\/app\/wp-json\/wp\/v2\/product_tag?post=4047830"}],"curies":[{"name":"wp","href":"https:\/\/api.w.org\/{rel}","templated":true}]}}