{"id":4047751,"date":"2026-04-30T02:26:32","date_gmt":"2026-04-30T00:26:32","guid":{"rendered":"https:\/\/streetmarkets.fr\/app\/produit\/casquette-classique-bordeaux-dacor-252-w-fig\/"},"modified":"2026-05-07T02:27:24","modified_gmt":"2026-05-07T00:27:24","slug":"casquette-classique-bordeaux-dacor-252-w-fig","status":"publish","type":"product","link":"https:\/\/streetmarkets.fr\/app\/produit\/casquette-classique-bordeaux-dacor-252-w-fig\/","title":{"rendered":"Casquette classique bordeaux Dacor (252 \/ W \/ FIG)"},"content":{"rendered":"<p>Casquette de baseball classique en coton bordeaux avec broderie \u00ab bellerose \u00bb en \u00e9cru.<\/p>\n<ul>\n<li>Design \u00e0 6 panneaux <\/li>\n<li>Sangle arri\u00e8re r\u00e9glable<\/li>\n<li>Broderie \u00ab bellerose \u00bb contrast\u00e9e<\/li>\n<\/ul>\n","protected":false},"excerpt":{"rendered":"<p>Casquette de baseball classique en coton bordeaux avec broderie \u00ab bellerose \u00bb en \u00e9cru. Design \u00e0 6 panneaux Sangle arri\u00e8re r\u00e9glable Broderie \u00ab bellerose \u00bb contrast\u00e9e<\/p>\n","protected":false},"featured_media":4092683,"comment_status":"open","ping_status":"closed","template":"","meta":[],"product_brand":[2529],"product_cat":[],"product_tag":[],"acf":[],"_links":{"self":[{"href":"https:\/\/streetmarkets.fr\/app\/wp-json\/wp\/v2\/product\/4047751"}],"collection":[{"href":"https:\/\/streetmarkets.fr\/app\/wp-json\/wp\/v2\/product"}],"about":[{"href":"https:\/\/streetmarkets.fr\/app\/wp-json\/wp\/v2\/types\/product"}],"replies":[{"embeddable":true,"href":"https:\/\/streetmarkets.fr\/app\/wp-json\/wp\/v2\/comments?post=4047751"}],"wp:featuredmedia":[{"embeddable":true,"href":"https:\/\/streetmarkets.fr\/app\/wp-json\/wp\/v2\/media\/4092683"}],"wp:attachment":[{"href":"https:\/\/streetmarkets.fr\/app\/wp-json\/wp\/v2\/media?parent=4047751"}],"wp:term":[{"taxonomy":"product_brand","embeddable":true,"href":"https:\/\/streetmarkets.fr\/app\/wp-json\/wp\/v2\/product_brand?post=4047751"},{"taxonomy":"product_cat","embeddable":true,"href":"https:\/\/streetmarkets.fr\/app\/wp-json\/wp\/v2\/product_cat?post=4047751"},{"taxonomy":"product_tag","embeddable":true,"href":"https:\/\/streetmarkets.fr\/app\/wp-json\/wp\/v2\/product_tag?post=4047751"}],"curies":[{"name":"wp","href":"https:\/\/api.w.org\/{rel}","templated":true}]}}