{"id":4047713,"date":"2026-04-30T02:26:29","date_gmt":"2026-04-30T00:26:29","guid":{"rendered":"https:\/\/streetmarkets.fr\/app\/produit\/casquette-classique-bleue-dacor-252-w-worker\/"},"modified":"2026-05-13T02:27:18","modified_gmt":"2026-05-13T00:27:18","slug":"casquette-classique-bleue-dacor-252-w-worker","status":"publish","type":"product","link":"https:\/\/streetmarkets.fr\/app\/produit\/casquette-classique-bleue-dacor-252-w-worker\/","title":{"rendered":"Casquette classique bleue Dacor (252 \/ W \/ WORKER)"},"content":{"rendered":"<p>Casquette de baseball classique en coton bleu cobalt avec broderie \u00ab blr \u00bb en \u00e9cru.<\/p>\n<ul>\n<li>Mod\u00e8le \u00e0 6 panneaux <\/li>\n<li>Sangle arri\u00e8re r\u00e9glable<\/li>\n<li>Broderie Bellerose contrast\u00e9e<\/li>\n<li>Boucle argent\u00e9e avec signature Bellerose<\/li>\n<\/ul>\n","protected":false},"excerpt":{"rendered":"<p>Casquette de baseball classique en coton bleu cobalt avec broderie \u00ab blr \u00bb en \u00e9cru. Mod\u00e8le \u00e0 6 panneaux Sangle arri\u00e8re r\u00e9glable Broderie Bellerose contrast\u00e9e Boucle argent\u00e9e avec signature Bellerose<\/p>\n","protected":false},"featured_media":4126326,"comment_status":"open","ping_status":"closed","template":"","meta":[],"product_brand":[2529],"product_cat":[],"product_tag":[],"acf":[],"_links":{"self":[{"href":"https:\/\/streetmarkets.fr\/app\/wp-json\/wp\/v2\/product\/4047713"}],"collection":[{"href":"https:\/\/streetmarkets.fr\/app\/wp-json\/wp\/v2\/product"}],"about":[{"href":"https:\/\/streetmarkets.fr\/app\/wp-json\/wp\/v2\/types\/product"}],"replies":[{"embeddable":true,"href":"https:\/\/streetmarkets.fr\/app\/wp-json\/wp\/v2\/comments?post=4047713"}],"wp:featuredmedia":[{"embeddable":true,"href":"https:\/\/streetmarkets.fr\/app\/wp-json\/wp\/v2\/media\/4126326"}],"wp:attachment":[{"href":"https:\/\/streetmarkets.fr\/app\/wp-json\/wp\/v2\/media?parent=4047713"}],"wp:term":[{"taxonomy":"product_brand","embeddable":true,"href":"https:\/\/streetmarkets.fr\/app\/wp-json\/wp\/v2\/product_brand?post=4047713"},{"taxonomy":"product_cat","embeddable":true,"href":"https:\/\/streetmarkets.fr\/app\/wp-json\/wp\/v2\/product_cat?post=4047713"},{"taxonomy":"product_tag","embeddable":true,"href":"https:\/\/streetmarkets.fr\/app\/wp-json\/wp\/v2\/product_tag?post=4047713"}],"curies":[{"name":"wp","href":"https:\/\/api.w.org\/{rel}","templated":true}]}}