{"id":4047698,"date":"2026-04-30T02:26:29","date_gmt":"2026-04-30T00:26:29","guid":{"rendered":"https:\/\/streetmarkets.fr\/app\/produit\/chaussettes-vrel-252-w-h-grey\/"},"modified":"2026-05-10T02:39:56","modified_gmt":"2026-05-10T00:39:56","slug":"chaussettes-vrel-252-w-h-grey","status":"publish","type":"product","link":"https:\/\/streetmarkets.fr\/app\/produit\/chaussettes-vrel-252-w-h-grey\/","title":{"rendered":"Chaussettes Vrel (252 \/ W \/ H. GREY)"},"content":{"rendered":"<p>Chaussettes grises en coton m\u00e9lang\u00e9 tricot\u00e9 avec le logo Bellerose en \u00e9cru sur la cheville.<\/p>\n<ul>\n<li>Longueur mi-mollet<\/li>\n<li>Chevilles c\u00f4tel\u00e9es<\/li>\n<li>Logo Bellerose et bandes contrastantes sur les chevilles<\/li>\n<\/ul>\n","protected":false},"excerpt":{"rendered":"<p>Chaussettes grises en coton m\u00e9lang\u00e9 tricot\u00e9 avec le logo Bellerose en \u00e9cru sur la cheville. Longueur mi-mollet Chevilles c\u00f4tel\u00e9es Logo Bellerose et bandes contrastantes sur les chevilles<\/p>\n","protected":false},"featured_media":4109077,"comment_status":"open","ping_status":"closed","template":"","meta":[],"product_brand":[2529],"product_cat":[],"product_tag":[],"acf":[],"_links":{"self":[{"href":"https:\/\/streetmarkets.fr\/app\/wp-json\/wp\/v2\/product\/4047698"}],"collection":[{"href":"https:\/\/streetmarkets.fr\/app\/wp-json\/wp\/v2\/product"}],"about":[{"href":"https:\/\/streetmarkets.fr\/app\/wp-json\/wp\/v2\/types\/product"}],"replies":[{"embeddable":true,"href":"https:\/\/streetmarkets.fr\/app\/wp-json\/wp\/v2\/comments?post=4047698"}],"wp:featuredmedia":[{"embeddable":true,"href":"https:\/\/streetmarkets.fr\/app\/wp-json\/wp\/v2\/media\/4109077"}],"wp:attachment":[{"href":"https:\/\/streetmarkets.fr\/app\/wp-json\/wp\/v2\/media?parent=4047698"}],"wp:term":[{"taxonomy":"product_brand","embeddable":true,"href":"https:\/\/streetmarkets.fr\/app\/wp-json\/wp\/v2\/product_brand?post=4047698"},{"taxonomy":"product_cat","embeddable":true,"href":"https:\/\/streetmarkets.fr\/app\/wp-json\/wp\/v2\/product_cat?post=4047698"},{"taxonomy":"product_tag","embeddable":true,"href":"https:\/\/streetmarkets.fr\/app\/wp-json\/wp\/v2\/product_tag?post=4047698"}],"curies":[{"name":"wp","href":"https:\/\/api.w.org\/{rel}","templated":true}]}}