{"id":4047691,"date":"2026-04-30T02:26:28","date_gmt":"2026-04-30T00:26:28","guid":{"rendered":"https:\/\/streetmarkets.fr\/app\/produit\/chaussettes-vrel-252-w-fig\/"},"modified":"2026-05-13T02:27:18","modified_gmt":"2026-05-13T00:27:18","slug":"chaussettes-vrel-252-w-fig","status":"publish","type":"product","link":"https:\/\/streetmarkets.fr\/app\/produit\/chaussettes-vrel-252-w-fig\/","title":{"rendered":"Chaussettes Vrel (252 \/ W \/ FIG)"},"content":{"rendered":"<p>Chaussettes bordeaux en coton m\u00e9lang\u00e9 tricot\u00e9 avec le logo Bellerose en \u00e9cru sur la cheville.<\/p>\n<ul>\n<li>Longueur mi-mollet<\/li>\n<li>Chevilles c\u00f4tel\u00e9es<\/li>\n<li>Logo Bellerose et bandes contrastantes sur les chevilles<\/li>\n<\/ul>\n","protected":false},"excerpt":{"rendered":"<p>Chaussettes bordeaux en coton m\u00e9lang\u00e9 tricot\u00e9 avec le logo Bellerose en \u00e9cru sur la cheville. Longueur mi-mollet Chevilles c\u00f4tel\u00e9es Logo Bellerose et bandes contrastantes sur les chevilles<\/p>\n","protected":false},"featured_media":4126314,"comment_status":"open","ping_status":"closed","template":"","meta":[],"product_brand":[2529],"product_cat":[],"product_tag":[],"acf":[],"_links":{"self":[{"href":"https:\/\/streetmarkets.fr\/app\/wp-json\/wp\/v2\/product\/4047691"}],"collection":[{"href":"https:\/\/streetmarkets.fr\/app\/wp-json\/wp\/v2\/product"}],"about":[{"href":"https:\/\/streetmarkets.fr\/app\/wp-json\/wp\/v2\/types\/product"}],"replies":[{"embeddable":true,"href":"https:\/\/streetmarkets.fr\/app\/wp-json\/wp\/v2\/comments?post=4047691"}],"wp:featuredmedia":[{"embeddable":true,"href":"https:\/\/streetmarkets.fr\/app\/wp-json\/wp\/v2\/media\/4126314"}],"wp:attachment":[{"href":"https:\/\/streetmarkets.fr\/app\/wp-json\/wp\/v2\/media?parent=4047691"}],"wp:term":[{"taxonomy":"product_brand","embeddable":true,"href":"https:\/\/streetmarkets.fr\/app\/wp-json\/wp\/v2\/product_brand?post=4047691"},{"taxonomy":"product_cat","embeddable":true,"href":"https:\/\/streetmarkets.fr\/app\/wp-json\/wp\/v2\/product_cat?post=4047691"},{"taxonomy":"product_tag","embeddable":true,"href":"https:\/\/streetmarkets.fr\/app\/wp-json\/wp\/v2\/product_tag?post=4047691"}],"curies":[{"name":"wp","href":"https:\/\/api.w.org\/{rel}","templated":true}]}}