{"id":4047678,"date":"2026-04-30T02:26:27","date_gmt":"2026-04-30T00:26:27","guid":{"rendered":"https:\/\/streetmarkets.fr\/app\/produit\/object-n-08-251-w-display-c\/"},"modified":"2026-05-08T02:36:43","modified_gmt":"2026-05-08T00:36:43","slug":"object-n-08-251-w-display-c","status":"publish","type":"product","link":"https:\/\/streetmarkets.fr\/app\/produit\/object-n-08-251-w-display-c\/","title":{"rendered":"Object N.08 (251 \/ W \/ DISPLAY C)"},"content":{"rendered":"<p>Emmenez-moi \u00e0 la plage, \u00e0 la piscine, ou o\u00f9 vous voulez. Ce serviette de plage avec logo est aussi grande que douce.<\/p>\n<ul>\n<li>serviette de plage avec logo Bellerose vert et beige <\/li>\n<li>100 % coton<\/li>\n<li>Dimensions : 184 x 98 cm<\/li>\n<\/ul>\n","protected":false},"excerpt":{"rendered":"<p>Emmenez-moi \u00e0 la plage, \u00e0 la piscine, ou o\u00f9 vous voulez. Ce serviette de plage avec logo est aussi grande que douce. serviette de plage avec logo Bellerose vert et beige 100 % coton Dimensions : 184 x 98 cm<\/p>\n","protected":false},"featured_media":4098489,"comment_status":"open","ping_status":"closed","template":"","meta":[],"product_brand":[2529],"product_cat":[],"product_tag":[],"acf":[],"_links":{"self":[{"href":"https:\/\/streetmarkets.fr\/app\/wp-json\/wp\/v2\/product\/4047678"}],"collection":[{"href":"https:\/\/streetmarkets.fr\/app\/wp-json\/wp\/v2\/product"}],"about":[{"href":"https:\/\/streetmarkets.fr\/app\/wp-json\/wp\/v2\/types\/product"}],"replies":[{"embeddable":true,"href":"https:\/\/streetmarkets.fr\/app\/wp-json\/wp\/v2\/comments?post=4047678"}],"wp:featuredmedia":[{"embeddable":true,"href":"https:\/\/streetmarkets.fr\/app\/wp-json\/wp\/v2\/media\/4098489"}],"wp:attachment":[{"href":"https:\/\/streetmarkets.fr\/app\/wp-json\/wp\/v2\/media?parent=4047678"}],"wp:term":[{"taxonomy":"product_brand","embeddable":true,"href":"https:\/\/streetmarkets.fr\/app\/wp-json\/wp\/v2\/product_brand?post=4047678"},{"taxonomy":"product_cat","embeddable":true,"href":"https:\/\/streetmarkets.fr\/app\/wp-json\/wp\/v2\/product_cat?post=4047678"},{"taxonomy":"product_tag","embeddable":true,"href":"https:\/\/streetmarkets.fr\/app\/wp-json\/wp\/v2\/product_tag?post=4047678"}],"curies":[{"name":"wp","href":"https:\/\/api.w.org\/{rel}","templated":true}]}}