{"id":4047658,"date":"2026-04-30T02:26:26","date_gmt":"2026-04-30T00:26:26","guid":{"rendered":"https:\/\/streetmarkets.fr\/app\/produit\/object-n-09-251-w-blueworker\/"},"modified":"2026-05-09T02:36:44","modified_gmt":"2026-05-09T00:36:44","slug":"object-n-09-251-w-blueworker","status":"publish","type":"product","link":"https:\/\/streetmarkets.fr\/app\/produit\/object-n-09-251-w-blueworker\/","title":{"rendered":"Object N.09 (251 \/ W \/ BLUEWORKER)"},"content":{"rendered":"<p>Jamais vos cl\u00e9s n\u2019auront eu aussi fi\u00e8re allure.<\/p>\n<ul>\n<li>Logo XXL pour un style affirm\u00e9<\/li>\n<li>Porte-cl\u00e9s logo Bellerose&nbsp;<\/li>\n<li>Dimensions: 13.5 x 0.8 cm<\/li>\n<\/ul>\n","protected":false},"excerpt":{"rendered":"<p>Jamais vos cl\u00e9s n\u2019auront eu aussi fi\u00e8re allure. Logo XXL pour un style affirm\u00e9 Porte-cl\u00e9s logo Bellerose&nbsp; Dimensions: 13.5 x 0.8 cm<\/p>\n","protected":false},"featured_media":4104025,"comment_status":"open","ping_status":"closed","template":"","meta":[],"product_brand":[2529],"product_cat":[],"product_tag":[],"acf":[],"_links":{"self":[{"href":"https:\/\/streetmarkets.fr\/app\/wp-json\/wp\/v2\/product\/4047658"}],"collection":[{"href":"https:\/\/streetmarkets.fr\/app\/wp-json\/wp\/v2\/product"}],"about":[{"href":"https:\/\/streetmarkets.fr\/app\/wp-json\/wp\/v2\/types\/product"}],"replies":[{"embeddable":true,"href":"https:\/\/streetmarkets.fr\/app\/wp-json\/wp\/v2\/comments?post=4047658"}],"wp:featuredmedia":[{"embeddable":true,"href":"https:\/\/streetmarkets.fr\/app\/wp-json\/wp\/v2\/media\/4104025"}],"wp:attachment":[{"href":"https:\/\/streetmarkets.fr\/app\/wp-json\/wp\/v2\/media?parent=4047658"}],"wp:term":[{"taxonomy":"product_brand","embeddable":true,"href":"https:\/\/streetmarkets.fr\/app\/wp-json\/wp\/v2\/product_brand?post=4047658"},{"taxonomy":"product_cat","embeddable":true,"href":"https:\/\/streetmarkets.fr\/app\/wp-json\/wp\/v2\/product_cat?post=4047658"},{"taxonomy":"product_tag","embeddable":true,"href":"https:\/\/streetmarkets.fr\/app\/wp-json\/wp\/v2\/product_tag?post=4047658"}],"curies":[{"name":"wp","href":"https:\/\/api.w.org\/{rel}","templated":true}]}}