{"id":4047631,"date":"2026-04-30T02:26:24","date_gmt":"2026-04-30T00:26:24","guid":{"rendered":"https:\/\/streetmarkets.fr\/app\/produit\/object-n-12-medium-251-w-off-white\/"},"modified":"2026-05-14T02:27:13","modified_gmt":"2026-05-14T00:27:13","slug":"object-n-12-medium-251-w-off-white","status":"publish","type":"product","link":"https:\/\/streetmarkets.fr\/app\/produit\/object-n-12-medium-251-w-off-white\/","title":{"rendered":"Object N.12 medium (251 \/ W \/ OFF WHITE)"},"content":{"rendered":"<p>Con\u00e7u pour les activit\u00e9s du quotidien, ton alli\u00e9 de toujours.<\/p>\n<ul>\n<li>Tote bag en toile de coton \u00e9paisse<\/li>\n<li>Imprim\u00e9 : \u00ab One size fits all \u00bb<\/li>\n<li>Dimensions :<\/li>\n<li>Hauteur 28 cm<\/li>\n<li>Largeur 50 cm (au-dessus) \/ 29 cm (fond)<\/li>\n<li>Profondeur 21 cm<\/li>\n<\/ul>\n","protected":false},"excerpt":{"rendered":"<p>Con\u00e7u pour les activit\u00e9s du quotidien, ton alli\u00e9 de toujours. Tote bag en toile de coton \u00e9paisse Imprim\u00e9 : \u00ab One size fits all \u00bb Dimensions : Hauteur 28 cm Largeur 50 cm (au-dessus) \/ 29 cm (fond) Profondeur 21 cm<\/p>\n","protected":false},"featured_media":4131334,"comment_status":"open","ping_status":"closed","template":"","meta":[],"product_brand":[2529],"product_cat":[],"product_tag":[],"acf":[],"_links":{"self":[{"href":"https:\/\/streetmarkets.fr\/app\/wp-json\/wp\/v2\/product\/4047631"}],"collection":[{"href":"https:\/\/streetmarkets.fr\/app\/wp-json\/wp\/v2\/product"}],"about":[{"href":"https:\/\/streetmarkets.fr\/app\/wp-json\/wp\/v2\/types\/product"}],"replies":[{"embeddable":true,"href":"https:\/\/streetmarkets.fr\/app\/wp-json\/wp\/v2\/comments?post=4047631"}],"wp:featuredmedia":[{"embeddable":true,"href":"https:\/\/streetmarkets.fr\/app\/wp-json\/wp\/v2\/media\/4131334"}],"wp:attachment":[{"href":"https:\/\/streetmarkets.fr\/app\/wp-json\/wp\/v2\/media?parent=4047631"}],"wp:term":[{"taxonomy":"product_brand","embeddable":true,"href":"https:\/\/streetmarkets.fr\/app\/wp-json\/wp\/v2\/product_brand?post=4047631"},{"taxonomy":"product_cat","embeddable":true,"href":"https:\/\/streetmarkets.fr\/app\/wp-json\/wp\/v2\/product_cat?post=4047631"},{"taxonomy":"product_tag","embeddable":true,"href":"https:\/\/streetmarkets.fr\/app\/wp-json\/wp\/v2\/product_tag?post=4047631"}],"curies":[{"name":"wp","href":"https:\/\/api.w.org\/{rel}","templated":true}]}}