{"id":4047587,"date":"2026-04-30T02:26:21","date_gmt":"2026-04-30T00:26:21","guid":{"rendered":"https:\/\/streetmarkets.fr\/app\/produit\/pantalon-fusele-stanley-251-m-navy\/"},"modified":"2026-05-16T02:28:20","modified_gmt":"2026-05-16T00:28:20","slug":"pantalon-fusele-stanley-251-m-navy","status":"publish","type":"product","link":"https:\/\/streetmarkets.fr\/app\/produit\/pantalon-fusele-stanley-251-m-navy\/","title":{"rendered":"Pantalon fusel\u00e9 Stanley (251 \/ M \/ NAVY)"},"content":{"rendered":"<p>Pantalon de c\u00e9r\u00e9monie slim \u00e0 jambes tapered et au profil \u00e9pur\u00e9, en coton m\u00e9lang\u00e9 c\u00f4tel\u00e9, bleu marine.<\/p>\n<ul>\n<li>Coupe slim <\/li>\n<li>Taille basse, jambes tapered <\/li>\n<li>Profil \u00e9pur\u00e9 <\/li>\n<li>Sans \u00e9lasticit\u00e9<\/li>\n<li>Entrejambe : 34&#8243; (bas\u00e9e sur une taille 42)<\/li>\n<li>La longueur d\u2019entrejambe s\u2019ajuste l\u00e9g\u00e8rement en fonction de la taille s\u00e9lectionn\u00e9e pour garantir une coupe proportionn\u00e9e.<\/li>\n<li>Ourlet : 18 cm<\/li>\n<\/ul>\n","protected":false},"excerpt":{"rendered":"<p>Pantalon de c\u00e9r\u00e9monie slim \u00e0 jambes tapered et au profil \u00e9pur\u00e9, en coton m\u00e9lang\u00e9 c\u00f4tel\u00e9, bleu marine. Coupe slim Taille basse, jambes tapered Profil \u00e9pur\u00e9 Sans \u00e9lasticit\u00e9 Entrejambe : 34&#8243; (bas\u00e9e sur une taille 42) La longueur d\u2019entrejambe s\u2019ajuste l\u00e9g\u00e8rement en fonction de la taille s\u00e9lectionn\u00e9e pour garantir une coupe proportionn\u00e9e. Ourlet : 18 cm<\/p>\n","protected":false},"featured_media":4142237,"comment_status":"open","ping_status":"closed","template":"","meta":[],"product_brand":[2529],"product_cat":[],"product_tag":[],"acf":[],"_links":{"self":[{"href":"https:\/\/streetmarkets.fr\/app\/wp-json\/wp\/v2\/product\/4047587"}],"collection":[{"href":"https:\/\/streetmarkets.fr\/app\/wp-json\/wp\/v2\/product"}],"about":[{"href":"https:\/\/streetmarkets.fr\/app\/wp-json\/wp\/v2\/types\/product"}],"replies":[{"embeddable":true,"href":"https:\/\/streetmarkets.fr\/app\/wp-json\/wp\/v2\/comments?post=4047587"}],"wp:featuredmedia":[{"embeddable":true,"href":"https:\/\/streetmarkets.fr\/app\/wp-json\/wp\/v2\/media\/4142237"}],"wp:attachment":[{"href":"https:\/\/streetmarkets.fr\/app\/wp-json\/wp\/v2\/media?parent=4047587"}],"wp:term":[{"taxonomy":"product_brand","embeddable":true,"href":"https:\/\/streetmarkets.fr\/app\/wp-json\/wp\/v2\/product_brand?post=4047587"},{"taxonomy":"product_cat","embeddable":true,"href":"https:\/\/streetmarkets.fr\/app\/wp-json\/wp\/v2\/product_cat?post=4047587"},{"taxonomy":"product_tag","embeddable":true,"href":"https:\/\/streetmarkets.fr\/app\/wp-json\/wp\/v2\/product_tag?post=4047587"}],"curies":[{"name":"wp","href":"https:\/\/api.w.org\/{rel}","templated":true}]}}