{"id":4047255,"date":"2026-04-29T02:11:18","date_gmt":"2026-04-29T00:11:18","guid":{"rendered":"https:\/\/streetmarkets.fr\/app\/produit\/gt-2160-pour-homme-261-m-cream\/"},"modified":"2026-04-30T02:43:01","modified_gmt":"2026-04-30T00:43:01","slug":"gt-2160-pour-homme-261-m-cream","status":"publish","type":"product","link":"https:\/\/streetmarkets.fr\/app\/produit\/gt-2160-pour-homme-261-m-cream\/","title":{"rendered":"GT-2160 pour Homme (261 \/ M \/ CREAM)"},"content":{"rendered":"<p>Les sneakers sportstyle Asics GT-2160 sont dot\u00e9es d&#8217;une tige en mesh tiss\u00e9 avec des empi\u00e8cements m\u00e9tallis\u00e9s et d&#8217;une semelle interm\u00e9diaire segment\u00e9e.<\/p>\n<ul>\n<li>Tailles unisexes\u00a0: pour une coupe ajust\u00e9e, choisissez une taille en dessous. Pour une coupe ample, choisissez une taille au-dessus. <\/li>\n<li>Style\u00a0: 1203A275.117<\/li>\n<li>Couleur\u00a0: Crew\/Raw Indigo<\/li>\n<\/ul>\n","protected":false},"excerpt":{"rendered":"<p>Les sneakers sportstyle Asics GT-2160 sont dot\u00e9es d&#8217;une tige en mesh tiss\u00e9 avec des empi\u00e8cements m\u00e9tallis\u00e9s et d&#8217;une semelle interm\u00e9diaire segment\u00e9e. Tailles unisexes\u00a0: pour une coupe ajust\u00e9e, choisissez une taille en dessous. Pour une coupe ample, choisissez une taille au-dessus. Style\u00a0: 1203A275.117 Couleur\u00a0: Crew\/Raw Indigo<\/p>\n","protected":false},"featured_media":4055034,"comment_status":"open","ping_status":"closed","template":"","meta":[],"product_brand":[2536],"product_cat":[],"product_tag":[],"acf":[],"_links":{"self":[{"href":"https:\/\/streetmarkets.fr\/app\/wp-json\/wp\/v2\/product\/4047255"}],"collection":[{"href":"https:\/\/streetmarkets.fr\/app\/wp-json\/wp\/v2\/product"}],"about":[{"href":"https:\/\/streetmarkets.fr\/app\/wp-json\/wp\/v2\/types\/product"}],"replies":[{"embeddable":true,"href":"https:\/\/streetmarkets.fr\/app\/wp-json\/wp\/v2\/comments?post=4047255"}],"wp:featuredmedia":[{"embeddable":true,"href":"https:\/\/streetmarkets.fr\/app\/wp-json\/wp\/v2\/media\/4055034"}],"wp:attachment":[{"href":"https:\/\/streetmarkets.fr\/app\/wp-json\/wp\/v2\/media?parent=4047255"}],"wp:term":[{"taxonomy":"product_brand","embeddable":true,"href":"https:\/\/streetmarkets.fr\/app\/wp-json\/wp\/v2\/product_brand?post=4047255"},{"taxonomy":"product_cat","embeddable":true,"href":"https:\/\/streetmarkets.fr\/app\/wp-json\/wp\/v2\/product_cat?post=4047255"},{"taxonomy":"product_tag","embeddable":true,"href":"https:\/\/streetmarkets.fr\/app\/wp-json\/wp\/v2\/product_tag?post=4047255"}],"curies":[{"name":"wp","href":"https:\/\/api.w.org\/{rel}","templated":true}]}}