{"id":4046315,"date":"2026-04-29T00:49:15","date_gmt":"2026-04-28T22:49:15","guid":{"rendered":"https:\/\/streetmarkets.fr\/app\/produit\/ciele-casquette-gocap-comp-century-gingerbread\/"},"modified":"2026-05-11T00:49:09","modified_gmt":"2026-05-10T22:49:09","slug":"ciele-casquette-gocap-comp-century-gingerbread","status":"publish","type":"product","link":"https:\/\/streetmarkets.fr\/app\/produit\/ciele-casquette-gocap-comp-century-gingerbread\/","title":{"rendered":"Ciele Casquette GoCap Comp Century GingerBread"},"content":{"rendered":"<p data-start=\"45\" data-end=\"368\">La casquette GOCap Century Comp sign\u00e9e <span class=\"hover:entity-accent entity-underline inline cursor-pointer align-baseline\"><span class=\"whitespace-normal\">Ciele Athletics<\/span><\/span> r\u00e9invente un indispensable des sorties estivales. Con\u00e7ue avec le tissu extensible FLEXweave, elle s\u2019adapte parfaitement \u00e0 la forme de votre t\u00eate pour un maintien pr\u00e9cis et un confort optimal, tout en offrant une protection efficace contre les UV.<\/p>\n<p data-start=\"370\" data-end=\"647\">Gr\u00e2ce \u00e0 la technologie COOLmatic | PLUS MIKRAmesh\u2122, cette casquette assure une excellente respirabilit\u00e9, \u00e9vacue rapidement l\u2019humidit\u00e9 et limite les odeurs, m\u00eame lors des efforts les plus intenses. L\u00e9g\u00e8re et performante, elle garde votre t\u00eate au frais kilom\u00e8tre apr\u00e8s kilom\u00e8tre.<\/p>\n<p data-start=\"649\" data-end=\"815\">Disponible en trois tailles pour un ajustement parfait, la GOCap Century Comp est id\u00e9ale pour le running, le cyclisme ou toutes vos activit\u00e9s outdoor par temps chaud.<\/p>\n","protected":false},"excerpt":{"rendered":"<p>La casquette GOCap Century Comp sign\u00e9e Ciele Athletics r\u00e9invente un indispensable des sorties estivales. Con\u00e7ue avec le tissu extensible FLEXweave, elle s\u2019adapte parfaitement \u00e0 la forme de votre t\u00eate pour un maintien pr\u00e9cis et un confort optimal, tout en offrant une protection efficace contre les UV. Gr\u00e2ce \u00e0 la technologie COOLmatic | PLUS MIKRAmesh\u2122, cette [&hellip;]<\/p>\n","protected":false},"featured_media":4046316,"comment_status":"open","ping_status":"closed","template":"","meta":[],"product_brand":[],"product_cat":[],"product_tag":[],"acf":[],"_links":{"self":[{"href":"https:\/\/streetmarkets.fr\/app\/wp-json\/wp\/v2\/product\/4046315"}],"collection":[{"href":"https:\/\/streetmarkets.fr\/app\/wp-json\/wp\/v2\/product"}],"about":[{"href":"https:\/\/streetmarkets.fr\/app\/wp-json\/wp\/v2\/types\/product"}],"replies":[{"embeddable":true,"href":"https:\/\/streetmarkets.fr\/app\/wp-json\/wp\/v2\/comments?post=4046315"}],"wp:featuredmedia":[{"embeddable":true,"href":"https:\/\/streetmarkets.fr\/app\/wp-json\/wp\/v2\/media\/4046316"}],"wp:attachment":[{"href":"https:\/\/streetmarkets.fr\/app\/wp-json\/wp\/v2\/media?parent=4046315"}],"wp:term":[{"taxonomy":"product_brand","embeddable":true,"href":"https:\/\/streetmarkets.fr\/app\/wp-json\/wp\/v2\/product_brand?post=4046315"},{"taxonomy":"product_cat","embeddable":true,"href":"https:\/\/streetmarkets.fr\/app\/wp-json\/wp\/v2\/product_cat?post=4046315"},{"taxonomy":"product_tag","embeddable":true,"href":"https:\/\/streetmarkets.fr\/app\/wp-json\/wp\/v2\/product_tag?post=4046315"}],"curies":[{"name":"wp","href":"https:\/\/api.w.org\/{rel}","templated":true}]}}