{"id":4033545,"date":"2026-04-27T01:20:29","date_gmt":"2026-04-26T23:20:29","guid":{"rendered":"https:\/\/streetmarkets.fr\/app\/produit\/sac-banane-custine-ete-2026\/"},"modified":"2026-05-13T01:20:41","modified_gmt":"2026-05-12T23:20:41","slug":"sac-banane-custine-ete-2026","status":"publish","type":"product","link":"https:\/\/streetmarkets.fr\/app\/produit\/sac-banane-custine-ete-2026\/","title":{"rendered":"Sac Banane Custine &#8211; \u00c9t\u00e9 2026"},"content":{"rendered":"<p class=\"p1\"><a title=\"Collection Rive Droite Paris\" href=\"\/collections\/rive-droite-paris\"><strong>Collection Rive Droite Paris<\/strong><\/a><\/p>\n<p><span>L&#8217;iconique sac banane Custine se r\u00e9invente pour l\u2019\u00e9t\u00e9 dans un polycoton upcycl\u00e9 aux couleurs flashy !<\/span><\/p>\n<p>Vous adorez Custine pour son c\u00f4t\u00e9 pratique et sa anse ajustable. Son compartiment principal peut accueillir tous les objets essentiels de la vie quotidienne.<\/p>\n<p><span>Sa doublure en damier est confectionn\u00e9e \u00e0 partir d&#8217;un polycoton upcycl\u00e9 et s&#8217;inspire des ann\u00e9es 70.<\/span> Il se ferme par un zip YKK\u00ae argent\u00e9.<\/p>\n<ul>\n<li style=\"list-style-type: none\">\n<ul>\n<li><span><strong>Composition : <\/strong>Polycoton recycl\u00e9 &#8211;\u00a084% coton recycl\u00e9, 16% polyester recycl\u00e9.<\/span><\/li>\n<li>\n<span><strong>Emballage : <\/strong><\/span>Ce produit est emball\u00e9 avec soin dans un pochon en coton r\u00e9utilisable avec un lien coulissant.<\/li>\n<li>\n<strong>Doublure<\/strong><span>\u00a0<\/span>:<span> 90% polyester &#8211; 10% coton.<\/span>\n<\/li>\n<li>\n<strong>Dimensions<\/strong><span>\u00a0<\/span>: L28 x H18 x P6,5 cm. Tour de taille minimum 62 cm. Tour de taille maximum 112 cm.<\/li>\n<li>\n<strong>Capacit\u00e9<\/strong> : 1,5 L.<\/li>\n<li>\n<strong>Conseils d&#8217;entretien<\/strong><span>\u00a0<\/span><span>: Lavage seul en machine \u00e0 froid, programme fragile. Repassage sur l&#8217;envers.<\/span>\n<\/li>\n<\/ul>\n<\/li>\n<\/ul>\n","protected":false},"excerpt":{"rendered":"<p>Collection Rive Droite Paris L&#8217;iconique sac banane Custine se r\u00e9invente pour l\u2019\u00e9t\u00e9 dans un polycoton upcycl\u00e9 aux couleurs flashy ! Vous adorez Custine pour son c\u00f4t\u00e9 pratique et sa anse ajustable. Son compartiment principal peut accueillir tous les objets essentiels de la vie quotidienne. Sa doublure en damier est confectionn\u00e9e \u00e0 partir d&#8217;un polycoton upcycl\u00e9 [&hellip;]<\/p>\n","protected":false},"featured_media":4033546,"comment_status":"open","ping_status":"closed","template":"","meta":[],"product_brand":[],"product_cat":[],"product_tag":[],"acf":[],"_links":{"self":[{"href":"https:\/\/streetmarkets.fr\/app\/wp-json\/wp\/v2\/product\/4033545"}],"collection":[{"href":"https:\/\/streetmarkets.fr\/app\/wp-json\/wp\/v2\/product"}],"about":[{"href":"https:\/\/streetmarkets.fr\/app\/wp-json\/wp\/v2\/types\/product"}],"replies":[{"embeddable":true,"href":"https:\/\/streetmarkets.fr\/app\/wp-json\/wp\/v2\/comments?post=4033545"}],"wp:featuredmedia":[{"embeddable":true,"href":"https:\/\/streetmarkets.fr\/app\/wp-json\/wp\/v2\/media\/4033546"}],"wp:attachment":[{"href":"https:\/\/streetmarkets.fr\/app\/wp-json\/wp\/v2\/media?parent=4033545"}],"wp:term":[{"taxonomy":"product_brand","embeddable":true,"href":"https:\/\/streetmarkets.fr\/app\/wp-json\/wp\/v2\/product_brand?post=4033545"},{"taxonomy":"product_cat","embeddable":true,"href":"https:\/\/streetmarkets.fr\/app\/wp-json\/wp\/v2\/product_cat?post=4033545"},{"taxonomy":"product_tag","embeddable":true,"href":"https:\/\/streetmarkets.fr\/app\/wp-json\/wp\/v2\/product_tag?post=4033545"}],"curies":[{"name":"wp","href":"https:\/\/api.w.org\/{rel}","templated":true}]}}