{"id":4033509,"date":"2026-04-27T01:20:26","date_gmt":"2026-04-26T23:20:26","guid":{"rendered":"https:\/\/streetmarkets.fr\/app\/produit\/sac-banane-chiara-agate-gris-bleu\/"},"modified":"2026-05-06T01:20:03","modified_gmt":"2026-05-05T23:20:03","slug":"sac-banane-chiara-agate-gris-bleu","status":"publish","type":"product","link":"https:\/\/streetmarkets.fr\/app\/produit\/sac-banane-chiara-agate-gris-bleu\/","title":{"rendered":"Sac Banane Chiara Agate Gris Bleu"},"content":{"rendered":"<p><a title=\"Collection MAPOESIE\" href=\"https:\/\/frenchtouche.com\/collections\/mapoesie\"><strong>Collection MAPOESIE<\/strong><\/a><\/p>\n<ul>\n<li data-mce-fragment=\"1\"><span data-mce-fragment=\"1\"><span>Toile de coton imprim\u00e9e<\/span><\/span><\/li>\n<li data-mce-fragment=\"1\"><span data-mce-fragment=\"1\"><span>Environ 28 x 9 x 15 cm<\/span><\/span><\/li>\n<li data-mce-fragment=\"1\"><span data-mce-fragment=\"1\"><span>Impression au cadre<\/span><\/span><\/li>\n<li data-mce-fragment=\"1\"><span data-mce-fragment=\"1\"><span>Port\u00e9 crossbody<\/span><\/span><\/li>\n<li data-mce-fragment=\"1\"><span data-mce-fragment=\"1\"><span>Bandouli\u00e8re ajustable en coton<\/span><\/span><\/li>\n<li data-mce-fragment=\"1\"><span data-mce-fragment=\"1\"><span>Fermeture zipp\u00e9e<\/span><\/span><\/li>\n<li data-mce-fragment=\"1\"><span data-mce-fragment=\"1\"><span>Poche arri\u00e8re zipp\u00e9e<\/span><\/span><\/li>\n<li data-mce-fragment=\"1\"><span data-mce-fragment=\"1\"><span>Int\u00e9rieur doubl\u00e9 coton<\/span><\/span><\/li>\n<li data-mce-fragment=\"1\"><span data-mce-fragment=\"1\"><span>Finitions en cuir<\/span><\/span><\/li>\n<\/ul>\n<p data-mce-fragment=\"1\"><span data-mce-fragment=\"1\">Dessin\u00e9 in France<br data-mce-fragment=\"1\">Fabriqu\u00e9 artisanalement en Inde<\/span><\/p>\n","protected":false},"excerpt":{"rendered":"<p>Collection MAPOESIE Toile de coton imprim\u00e9e Environ 28 x 9 x 15 cm Impression au cadre Port\u00e9 crossbody Bandouli\u00e8re ajustable en coton Fermeture zipp\u00e9e Poche arri\u00e8re zipp\u00e9e Int\u00e9rieur doubl\u00e9 coton Finitions en cuir Dessin\u00e9 in FranceFabriqu\u00e9 artisanalement en Inde<\/p>\n","protected":false},"featured_media":4033510,"comment_status":"open","ping_status":"closed","template":"","meta":[],"product_brand":[],"product_cat":[],"product_tag":[],"acf":[],"_links":{"self":[{"href":"https:\/\/streetmarkets.fr\/app\/wp-json\/wp\/v2\/product\/4033509"}],"collection":[{"href":"https:\/\/streetmarkets.fr\/app\/wp-json\/wp\/v2\/product"}],"about":[{"href":"https:\/\/streetmarkets.fr\/app\/wp-json\/wp\/v2\/types\/product"}],"replies":[{"embeddable":true,"href":"https:\/\/streetmarkets.fr\/app\/wp-json\/wp\/v2\/comments?post=4033509"}],"wp:featuredmedia":[{"embeddable":true,"href":"https:\/\/streetmarkets.fr\/app\/wp-json\/wp\/v2\/media\/4033510"}],"wp:attachment":[{"href":"https:\/\/streetmarkets.fr\/app\/wp-json\/wp\/v2\/media?parent=4033509"}],"wp:term":[{"taxonomy":"product_brand","embeddable":true,"href":"https:\/\/streetmarkets.fr\/app\/wp-json\/wp\/v2\/product_brand?post=4033509"},{"taxonomy":"product_cat","embeddable":true,"href":"https:\/\/streetmarkets.fr\/app\/wp-json\/wp\/v2\/product_cat?post=4033509"},{"taxonomy":"product_tag","embeddable":true,"href":"https:\/\/streetmarkets.fr\/app\/wp-json\/wp\/v2\/product_tag?post=4033509"}],"curies":[{"name":"wp","href":"https:\/\/api.w.org\/{rel}","templated":true}]}}