{"id":4033494,"date":"2026-04-27T01:20:25","date_gmt":"2026-04-26T23:20:25","guid":{"rendered":"https:\/\/streetmarkets.fr\/app\/produit\/kit-de-boutons-tournesols\/"},"modified":"2026-05-09T01:19:13","modified_gmt":"2026-05-08T23:19:13","slug":"kit-de-boutons-tournesols","status":"publish","type":"product","link":"https:\/\/streetmarkets.fr\/app\/produit\/kit-de-boutons-tournesols\/","title":{"rendered":"Kit de Boutons Tournesols"},"content":{"rendered":"<div class=\"rte-content\" id=\"product-description-short-41\">\n<strong><a title=\"Collection Coucou Suzette\" href=\"\/collections\/coucou-suzette\">Collection Coucou Suzette<\/a><\/strong><strong><\/strong>\n<\/div>\n<div class=\"rte-content\">\n<strong><\/strong>\n<\/div>\n<div class=\"rte-content\">\n<p><span>Pour transformer un gilet basique en petit bijou d\u2019originalit\u00e9, on a la solution : lui changer les boutons ! Exit les tout ronds, et bienvenue \u00e0 ces somptueux tournesols.\u00a0<\/span><\/p>\n<p><span>Un DIY accessible \u00e0 tou.te.s pour des v\u00eatements uniques au monde !<\/span><\/p>\n<p><span><\/span>Ces boutons sont fabriqu\u00e9s \u00e0 partir d&#8217;Acetate de Cellulose recycl\u00e9e &amp; biod\u00e9gradable (Eco-Friendly).<\/p>\n<\/div>\n<div class=\"rte-content\">\n<div class=\"rte-content\" id=\"product-description-short-123\">\n<ul>\n<li>\n<em>Chaque cr\u00e9ation est unique, la couleur peut varier l\u00e9g\u00e8rement selon le morceau d&#8217;ac\u00e9tate utilis\u00e9<\/em><em><\/em>\n<\/li>\n<li><em><span>Fabriqu\u00e9s en Chine dans une usine audit\u00e9e<\/span><\/em><\/li>\n<li><em>Conseils d\u2019utilisation : \u00e9viter le contact avec l\u2019eau<\/em><\/li>\n<\/ul>\n<p>Dimensions environ : 2,5 cm x 2,5 cm<\/p>\n<\/div>\n<\/div>\n","protected":false},"excerpt":{"rendered":"<p>Collection Coucou Suzette Pour transformer un gilet basique en petit bijou d\u2019originalit\u00e9, on a la solution : lui changer les boutons ! Exit les tout ronds, et bienvenue \u00e0 ces somptueux tournesols.\u00a0 Un DIY accessible \u00e0 tou.te.s pour des v\u00eatements uniques au monde ! Ces boutons sont fabriqu\u00e9s \u00e0 partir d&#8217;Acetate de Cellulose recycl\u00e9e &amp; [&hellip;]<\/p>\n","protected":false},"featured_media":4033495,"comment_status":"open","ping_status":"closed","template":"","meta":[],"product_brand":[],"product_cat":[],"product_tag":[],"acf":[],"_links":{"self":[{"href":"https:\/\/streetmarkets.fr\/app\/wp-json\/wp\/v2\/product\/4033494"}],"collection":[{"href":"https:\/\/streetmarkets.fr\/app\/wp-json\/wp\/v2\/product"}],"about":[{"href":"https:\/\/streetmarkets.fr\/app\/wp-json\/wp\/v2\/types\/product"}],"replies":[{"embeddable":true,"href":"https:\/\/streetmarkets.fr\/app\/wp-json\/wp\/v2\/comments?post=4033494"}],"wp:featuredmedia":[{"embeddable":true,"href":"https:\/\/streetmarkets.fr\/app\/wp-json\/wp\/v2\/media\/4033495"}],"wp:attachment":[{"href":"https:\/\/streetmarkets.fr\/app\/wp-json\/wp\/v2\/media?parent=4033494"}],"wp:term":[{"taxonomy":"product_brand","embeddable":true,"href":"https:\/\/streetmarkets.fr\/app\/wp-json\/wp\/v2\/product_brand?post=4033494"},{"taxonomy":"product_cat","embeddable":true,"href":"https:\/\/streetmarkets.fr\/app\/wp-json\/wp\/v2\/product_cat?post=4033494"},{"taxonomy":"product_tag","embeddable":true,"href":"https:\/\/streetmarkets.fr\/app\/wp-json\/wp\/v2\/product_tag?post=4033494"}],"curies":[{"name":"wp","href":"https:\/\/api.w.org\/{rel}","templated":true}]}}