{"id":4033416,"date":"2026-04-27T01:20:10","date_gmt":"2026-04-26T23:20:10","guid":{"rendered":"https:\/\/streetmarkets.fr\/app\/produit\/barrette-capucine\/"},"modified":"2026-05-13T01:20:40","modified_gmt":"2026-05-12T23:20:40","slug":"barrette-capucine","status":"publish","type":"product","link":"https:\/\/streetmarkets.fr\/app\/produit\/barrette-capucine\/","title":{"rendered":"Barrette Capucine"},"content":{"rendered":"<div id=\"product-description-short-41\" class=\"rte-content\"><strong><a href=\"\/collections\/coucou-suzette\" title=\"Collection Coucou Suzette\">Collection Coucou Suzette<\/a><\/strong><\/div>\n<div class=\"rte-content\">\n<strong><\/strong>\n<\/div>\n<div class=\"rte-content\">\n  <span>Pour maintenir les m\u00e8ches qui volent au vent, on opte pour la barrette capucine ! Trois fleurs orange vif avec un petit c\u00f4t\u00e9 r\u00e9tro qui am\u00e8nent une touche de couleur plus que bienvenue dans nos cheveux. Parfaite pour les petit.e.s comme pour les grand.e.s.<\/span><br \/><strong><\/strong>\n<\/div>\n<div class=\"rte-content\">\n<span><\/span>\n<\/div>\n<div class=\"rte-content\">\n<p>Cette barrette est faite \u00e0 partir d&#8217;Acetate de Cellulose recycl\u00e9e &amp; biod\u00e9gradable (Eco-Friendly).<\/p>\n<ul>\n<li><em><span>Composition : ac\u00e9tate de cellulose<\/span><\/em><\/li>\n<li>\n<em>Chaque cr\u00e9ation est unique, la couleur peut varier l\u00e9g\u00e8rement selon le morceau d&#8217;ac\u00e9tate utilis\u00e9<\/em><em><span><\/span><\/em>\n<\/li>\n<li><em>Type d\u2019attache : barrette en m\u00e9tal<\/em><\/li>\n<li><em><span>Fabriqu\u00e9e en Chine dans une usine audit\u00e9e<\/span><\/em><\/li>\n<li><em>Conseils d\u2019utilisation : \u00e9viter le contact avec l\u2019eau<\/em><\/li>\n<\/ul>\n<\/div>\n<div class=\"rte-content\">\n<div id=\"product-description-short-123\" class=\"rte-content\">\n<p>Dimensions : environ 4,5 cm x 1,7 cm<\/p>\n<\/div>\n<\/div>\n","protected":false},"excerpt":{"rendered":"<p>Collection Coucou Suzette Pour maintenir les m\u00e8ches qui volent au vent, on opte pour la barrette capucine ! Trois fleurs orange vif avec un petit c\u00f4t\u00e9 r\u00e9tro qui am\u00e8nent une touche de couleur plus que bienvenue dans nos cheveux. Parfaite pour les petit.e.s comme pour les grand.e.s. Cette barrette est faite \u00e0 partir d&#8217;Acetate de [&hellip;]<\/p>\n","protected":false},"featured_media":4033417,"comment_status":"open","ping_status":"closed","template":"","meta":[],"product_brand":[],"product_cat":[],"product_tag":[],"acf":[],"_links":{"self":[{"href":"https:\/\/streetmarkets.fr\/app\/wp-json\/wp\/v2\/product\/4033416"}],"collection":[{"href":"https:\/\/streetmarkets.fr\/app\/wp-json\/wp\/v2\/product"}],"about":[{"href":"https:\/\/streetmarkets.fr\/app\/wp-json\/wp\/v2\/types\/product"}],"replies":[{"embeddable":true,"href":"https:\/\/streetmarkets.fr\/app\/wp-json\/wp\/v2\/comments?post=4033416"}],"wp:featuredmedia":[{"embeddable":true,"href":"https:\/\/streetmarkets.fr\/app\/wp-json\/wp\/v2\/media\/4033417"}],"wp:attachment":[{"href":"https:\/\/streetmarkets.fr\/app\/wp-json\/wp\/v2\/media?parent=4033416"}],"wp:term":[{"taxonomy":"product_brand","embeddable":true,"href":"https:\/\/streetmarkets.fr\/app\/wp-json\/wp\/v2\/product_brand?post=4033416"},{"taxonomy":"product_cat","embeddable":true,"href":"https:\/\/streetmarkets.fr\/app\/wp-json\/wp\/v2\/product_cat?post=4033416"},{"taxonomy":"product_tag","embeddable":true,"href":"https:\/\/streetmarkets.fr\/app\/wp-json\/wp\/v2\/product_tag?post=4033416"}],"curies":[{"name":"wp","href":"https:\/\/api.w.org\/{rel}","templated":true}]}}